{"id":1799,"date":"2024-05-06T08:36:21","date_gmt":"2024-05-06T08:36:21","guid":{"rendered":"https:\/\/staging.magnatech.com\/production-de-documents\/"},"modified":"2026-03-30T06:58:27","modified_gmt":"2026-03-30T06:58:27","slug":"production-de-documents","status":"publish","type":"page","link":"https:\/\/www.magnatech.com\/fr\/production-de-documents\/","title":{"rendered":"Production de Documents"},"content":{"rendered":"<p>[et_pb_section fb_built=\u00a0\u00bb1&Prime; _builder_version=\u00a0\u00bb4.25.1&Prime; _module_preset=\u00a0\u00bbdefault\u00a0\u00bb background_image=\u00a0\u00bbhttps:\/\/www.magnatech.com\/wp-content\/uploads\/2024\/07\/Magnatech-travel-technology-automated-flight-updates.jpg\u00a0\u00bb height=\u00a0\u00bb500px\u00a0\u00bb height_tablet=\u00a0\u00bb500px\u00a0\u00bb height_phone=\u00a0\u00bb200px\u00a0\u00bb height_last_edited=\u00a0\u00bbon|phone\u00a0\u00bb background_last_edited=\u00a0\u00bbon|phone\u00a0\u00bb background_image_phone=\u00a0\u00bbhttps:\/\/www.magnatech.com\/wp-content\/uploads\/2024\/06\/Magnatech-travel-technology-automated-flight-updates.png\u00a0\u00bb background_enable_image_phone=\u00a0\u00bbon\u00a0\u00bb global_colors_info=\u00a0\u00bb{}\u00a0\u00bb][\/et_pb_section][et_pb_section fb_built=\u00a0\u00bb1&Prime; _builder_version=\u00a0\u00bb4.25.0&Prime; _module_preset=\u00a0\u00bbdefault\u00a0\u00bb custom_padding=\u00a0\u00bb||0px||false|false\u00a0\u00bb box_shadow_style=\u00a0\u00bbpreset6&Prime; box_shadow_vertical=\u00a0\u00bb20px\u00a0\u00bb box_shadow_color=\u00a0\u00bbrgba(53,53,53,0.06)\u00a0\u00bb locked=\u00a0\u00bboff\u00a0\u00bb global_colors_info=\u00a0\u00bb{}\u00a0\u00bb][et_pb_row _builder_version=\u00a0\u00bb4.22.2&Prime; _module_preset=\u00a0\u00bbdefault\u00a0\u00bb global_colors_info=\u00a0\u00bb{}\u00a0\u00bb][et_pb_column type=\u00a0\u00bb4_4&Prime; _builder_version=\u00a0\u00bb4.22.2&Prime; _module_preset=\u00a0\u00bbdefault\u00a0\u00bb global_colors_info=\u00a0\u00bb{}\u00a0\u00bb][et_pb_text _builder_version=\u00a0\u00bb4.25.0&Prime; _module_preset=\u00a0\u00bbdefault\u00a0\u00bb header_font=\u00a0\u00bb|300|||||||\u00a0\u00bb header_font_size=\u00a0\u00bb36px\u00a0\u00bb header_2_font=\u00a0\u00bb|700|||||||\u00a0\u00bb global_colors_info=\u00a0\u00bb{}\u00a0\u00bb]<\/p>\n<h1 style=\"text-align: center;\">PRODUCTION DE DOCUMENTS<\/h1>\n<p>[\/et_pb_text][\/et_pb_column][\/et_pb_row][\/et_pb_section][et_pb_section fb_built=\u00a0\u00bb1&Prime; _builder_version=\u00a0\u00bb4.22.2&Prime; _module_preset=\u00a0\u00bbdefault\u00a0\u00bb global_colors_info=\u00a0\u00bb{}\u00a0\u00bb][et_pb_row column_structure=\u00a0\u00bb1_2,1_2&Prime; make_equal=\u00a0\u00bbon\u00a0\u00bb _builder_version=\u00a0\u00bb4.25.1&Prime; _module_preset=\u00a0\u00bbdefault\u00a0\u00bb custom_margin=\u00a0\u00bb||25px||false|false\u00a0\u00bb custom_margin_tablet=\u00a0\u00bb||25px||false|false\u00a0\u00bb custom_margin_phone=\u00a0\u00bb||25px||false|false\u00a0\u00bb custom_margin_last_edited=\u00a0\u00bbon|desktop\u00a0\u00bb custom_css_main_element=\u00a0\u00bbalign-items:center;\u00a0\u00bb global_colors_info=\u00a0\u00bb{}\u00a0\u00bb][et_pb_column type=\u00a0\u00bb1_2&Prime; _builder_version=\u00a0\u00bb4.22.2&Prime; _module_preset=\u00a0\u00bbdefault\u00a0\u00bb global_colors_info=\u00a0\u00bb{}\u00a0\u00bb][et_pb_image src=\u00a0\u00bbhttps:\/\/www.magnatech.com\/wp-content\/uploads\/2025\/08\/2025-Magnatech-OnQueue-R-GIF-2.gif\u00a0\u00bb title_text=\u00a0\u00bb2025 Magnatech -OnQueue-R GIF\u00a0\u00bb force_fullwidth=\u00a0\u00bbon\u00a0\u00bb _builder_version=\u00a0\u00bb4.27.4&Prime; _module_preset=\u00a0\u00bbdefault\u00a0\u00bb border_radii=\u00a0\u00bbon|15px|15px|15px|15px\u00a0\u00bb box_shadow_style=\u00a0\u00bbpreset1&Prime; global_colors_info=\u00a0\u00bb{}\u00a0\u00bb][\/et_pb_image][\/et_pb_column][et_pb_column type=\u00a0\u00bb1_2&Prime; _builder_version=\u00a0\u00bb4.22.2&Prime; _module_preset=\u00a0\u00bbdefault\u00a0\u00bb global_colors_info=\u00a0\u00bb{}\u00a0\u00bb][et_pb_image src=\u00a0\u00bbhttps:\/\/www.magnatech.com\/wp-content\/uploads\/2025\/08\/OnQueue-e1755132604487.png\u00a0\u00bb title_text=\u00a0\u00bbOnQueue\u00a0\u00bb align=\u00a0\u00bbcenter\u00a0\u00bb _builder_version=\u00a0\u00bb4.27.4&Prime; _module_preset=\u00a0\u00bbdefault\u00a0\u00bb global_colors_info=\u00a0\u00bb{}\u00a0\u00bb][\/et_pb_image][et_pb_text _builder_version=\u00a0\u00bb4.27.4&Prime; _module_preset=\u00a0\u00bbdefault\u00a0\u00bb text_font=\u00a0\u00bbProximaNova-Light|300|||||||\u00a0\u00bb header_2_font=\u00a0\u00bb|700|||||||\u00a0\u00bb text_orientation=\u00a0\u00bbcenter\u00a0\u00bb global_colors_info=\u00a0\u00bb{}\u00a0\u00bb]<\/p>\n<p>Bienvenue \u00e0 <strong>OnQueue\u00ae<\/strong>\u2013 la solution h\u00e9berg\u00e9e de livraison de documents de Magnatech<strong>\u00ae<\/strong> qui permet aux agences de gestion de voyages de fournir des itin\u00e9raires de voyage personnalis\u00e9s et professionnels \u00e0 leurs clients dans un format compatible avec l\u2019appareil de leur choix (mobile, ordinateur, tablette) et qui se synchronise avec les calendriers.<\/p>\n<p>[\/et_pb_text][et_pb_button button_url=\u00a0\u00bbhttps:\/\/www.magnatech.com\/fr\/contactez-nous\/\u00a0\u00bb button_text=\u00a0\u00bbDemandez une D\u00e9mo\u00a0\u00bb button_alignment=\u00a0\u00bbcenter\u00a0\u00bb _builder_version=\u00a0\u00bb4.25.0&Prime; _module_preset=\u00a0\u00bbdefault\u00a0\u00bb custom_button=\u00a0\u00bbon\u00a0\u00bb button_font=\u00a0\u00bb|||on|||||\u00a0\u00bb box_shadow_style=\u00a0\u00bbpreset3&Prime; global_colors_info=\u00a0\u00bb{}\u00a0\u00bb][\/et_pb_button][\/et_pb_column][\/et_pb_row][et_pb_row column_structure=\u00a0\u00bb1_2,1_2&Prime; make_equal=\u00a0\u00bbon\u00a0\u00bb module_class=\u00a0\u00bbreverse\u00a0\u00bb _builder_version=\u00a0\u00bb4.25.1&Prime; _module_preset=\u00a0\u00bbdefault\u00a0\u00bb custom_margin=\u00a0\u00bb25px||||false|false\u00a0\u00bb custom_margin_tablet=\u00a0\u00bb25px||||false|false\u00a0\u00bb custom_margin_phone=\u00a0\u00bb25px||||false|false\u00a0\u00bb custom_margin_last_edited=\u00a0\u00bbon|desktop\u00a0\u00bb custom_css_main_element=\u00a0\u00bbalign-items:center;\u00a0\u00bb global_colors_info=\u00a0\u00bb{}\u00a0\u00bb][et_pb_column type=\u00a0\u00bb1_2&Prime; _builder_version=\u00a0\u00bb4.22.2&Prime; _module_preset=\u00a0\u00bbdefault\u00a0\u00bb global_colors_info=\u00a0\u00bb{}\u00a0\u00bb][et_pb_text _builder_version=\u00a0\u00bb4.25.1&Prime; _module_preset=\u00a0\u00bbdefault\u00a0\u00bb text_font=\u00a0\u00bbProximaNova-Light|300|||||||\u00a0\u00bb header_2_font=\u00a0\u00bb|700|||||||\u00a0\u00bb text_orientation=\u00a0\u00bbcenter\u00a0\u00bb custom_padding_tablet=\u00a0\u00bb\u00a0\u00bb custom_padding_phone=\u00a0\u00bb30px||||false|false\u00a0\u00bb custom_padding_last_edited=\u00a0\u00bbon|phone\u00a0\u00bb global_colors_info=\u00a0\u00bb{}\u00a0\u00bb]<\/p>\n<p>Avec <strong>OnQueue<\/strong>, vous pouvez cr\u00e9er des itin\u00e9raires de voyage personnalis\u00e9s avec l\u2019image de marque de votre agence, y compris votre logo, vos couleurs et vos polices. Ces itin\u00e9raires peuvent \u00e9galement \u00eatre synchronis\u00e9s avec des calendriers. <\/p>\n<p><\/p>\n<p><strong>OnQueue <\/strong>est \u00e9galement une solution s\u00e9curis\u00e9e de livraison de documents, ce qui signifie que les informations personnelles et de voyage de vos clients sont prot\u00e9g\u00e9es. Avec <strong>OnQueue<\/strong>, vous pouvez \u00eatre s\u00fbr que les informations de vos clients sont en s\u00e9curit\u00e9, garantissant ainsi que votre agence maintient sa r\u00e9putation professionnelle. <\/p>\n<p>[\/et_pb_text][et_pb_button button_url=\u00a0\u00bb\/wp-content\/uploads\/2024\/06\/2023.OnQueue-par-Magnatech.pdf\u00a0\u00bb url_new_window=\u00a0\u00bbon\u00a0\u00bb button_text=\u00a0\u00bbT\u00e9l\u00e9chargez la brochure\u00a0\u00bb button_alignment=\u00a0\u00bbcenter\u00a0\u00bb _builder_version=\u00a0\u00bb4.27.4&Prime; _module_preset=\u00a0\u00bbdefault\u00a0\u00bb custom_button=\u00a0\u00bbon\u00a0\u00bb button_font=\u00a0\u00bb|||on|||||\u00a0\u00bb box_shadow_style=\u00a0\u00bbpreset3&Prime; locked=\u00a0\u00bboff\u00a0\u00bb global_colors_info=\u00a0\u00bb{}\u00a0\u00bb][\/et_pb_button][\/et_pb_column][et_pb_column type=\u00a0\u00bb1_2&Prime; _builder_version=\u00a0\u00bb4.22.2&Prime; _module_preset=\u00a0\u00bbdefault\u00a0\u00bb global_colors_info=\u00a0\u00bb{}\u00a0\u00bb][et_pb_image src=\u00a0\u00bbhttp:\/\/magnatech.com\/wp-content\/uploads\/2024\/05\/OnQueue-Document-Delivery-by-Magnatech.png\u00a0\u00bb title_text=\u00a0\u00bbOnQueue Livraison de documents par Magnatech\u00a0\u00bb force_fullwidth=\u00a0\u00bbon\u00a0\u00bb _builder_version=\u00a0\u00bb4.25.0&Prime; _module_preset=\u00a0\u00bbdefault\u00a0\u00bb global_colors_info=\u00a0\u00bb{}\u00a0\u00bb][\/et_pb_image][\/et_pb_column][\/et_pb_row][\/et_pb_section][et_pb_section fb_built=\u00a0\u00bb1&Prime; module_id=\u00a0\u00bbDIRECT-ACCOM\u00a0\u00bb _builder_version=\u00a0\u00bb4.27.6&Prime; _module_preset=\u00a0\u00bbdefault\u00a0\u00bb custom_padding=\u00a0\u00bb32px||6px|||\u00a0\u00bb global_module=\u00a0\u00bb2053&Prime; global_colors_info=\u00a0\u00bb{}\u00a0\u00bb][et_pb_row _builder_version=\u00a0\u00bb4.22.2&Prime; _module_preset=\u00a0\u00bbdefault\u00a0\u00bb custom_padding=\u00a0\u00bb||14px|||\u00a0\u00bb locked=\u00a0\u00bboff\u00a0\u00bb global_colors_info=\u00a0\u00bb{}\u00a0\u00bb][et_pb_column type=\u00a0\u00bb4_4&Prime; _builder_version=\u00a0\u00bb4.22.2&Prime; _module_preset=\u00a0\u00bbdefault\u00a0\u00bb global_colors_info=\u00a0\u00bb{}\u00a0\u00bb][et_pb_text _builder_version=\u00a0\u00bb4.25.0&Prime; _module_preset=\u00a0\u00bbdefault\u00a0\u00bb text_font=\u00a0\u00bb|300|||||||\u00a0\u00bb header_2_font=\u00a0\u00bb|300||on|||||\u00a0\u00bb header_2_font_size=\u00a0\u00bb32px\u00a0\u00bb custom_margin=\u00a0\u00bb||-50px||false|false\u00a0\u00bb locked=\u00a0\u00bboff\u00a0\u00bb global_colors_info=\u00a0\u00bb{}\u00a0\u00bb]<\/p>\n<h2 style=\"text-align: center; margin-bottom: 35px;\">CE QUE NOS CLIENTS DISENT<\/h2>\n<p>[\/et_pb_text][\/et_pb_column][\/et_pb_row][\/et_pb_section][et_pb_section fb_built=\u00a0\u00bb1&Prime; _builder_version=\u00a0\u00bb4.27.6&Prime; _module_preset=\u00a0\u00bbdefault\u00a0\u00bb background_image=\u00a0\u00bbhttps:\/\/www.magnatech.com\/wp-content\/uploads\/2026\/03\/March-2026-Magnatech-Client-Feedback-Background.png\u00a0\u00bb background_blend=\u00a0\u00bbluminosity\u00a0\u00bb custom_padding=\u00a0\u00bb37px||34px|||\u00a0\u00bb global_colors_info=\u00a0\u00bb{%22gcid-dae0cf0f-bdf4-49d9-828b-078d8488e2b8%22:%91%22background_color_gradient_stops%22,%22background_pattern_color%22,%22background_color_gradient_stops%22,%22background_pattern_color%22%93,%22gcid-60007c9b-aa45-4000-847d-964582a23eb9%22:%91%22background_color_gradient_stops%22,%22background_color_gradient_stops%22%93}\u00a0\u00bb][et_pb_row custom_padding_last_edited=\u00a0\u00bboff|phone\u00a0\u00bb _builder_version=\u00a0\u00bb4.25.1&Prime; _module_preset=\u00a0\u00bbdefault\u00a0\u00bb background_color=\u00a0\u00bbRGBA(255,255,255,0)\u00a0\u00bb custom_margin=\u00a0\u00bb||||false|false\u00a0\u00bb custom_margin_tablet=\u00a0\u00bb||||false|false\u00a0\u00bb custom_margin_phone=\u00a0\u00bb||||false|false\u00a0\u00bb custom_margin_last_edited=\u00a0\u00bbon|phone\u00a0\u00bb custom_padding_phone=\u00a0\u00bb|0px||0px|false|true\u00a0\u00bb global_colors_info=\u00a0\u00bb{}\u00a0\u00bb][et_pb_column type=\u00a0\u00bb4_4&Prime; _builder_version=\u00a0\u00bb4.25.0&Prime; _module_preset=\u00a0\u00bbdefault\u00a0\u00bb global_colors_info=\u00a0\u00bb{}\u00a0\u00bb][et_pb_testimonial author=\u00a0\u00bb- Alex Koutrakos\u00a0\u00bb job_title=\u00a0\u00bbVice-pr\u00e9sident de la gestion des programmes\u00a0\u00bb company_name=\u00a0\u00bbDirect Accommodations\u00a0\u00bb quote_icon=\u00a0\u00bboff\u00a0\u00bb quote_icon_color=\u00a0\u00bbgcid-secondary-color\u00a0\u00bb use_icon_font_size=\u00a0\u00bbon\u00a0\u00bb icon_font_size=\u00a0\u00bb60px\u00a0\u00bb _builder_version=\u00a0\u00bb4.27.6&Prime; _module_preset=\u00a0\u00bbdefault\u00a0\u00bb author_text_color=\u00a0\u00bbgcid-primary-color\u00a0\u00bb background_color=\u00a0\u00bb#FFFFFF\u00a0\u00bb max_width=\u00a0\u00bb68%\u00a0\u00bb max_width_tablet=\u00a0\u00bb68%\u00a0\u00bb max_width_phone=\u00a0\u00bb100%\u00a0\u00bb max_width_last_edited=\u00a0\u00bbon|phone\u00a0\u00bb module_alignment=\u00a0\u00bbcenter\u00a0\u00bb custom_margin=\u00a0\u00bb|70px||70px|false|false\u00a0\u00bb custom_margin_tablet=\u00a0\u00bb|70px||70px|false|false\u00a0\u00bb custom_margin_phone=\u00a0\u00bb|0px||0px|false|true\u00a0\u00bb custom_margin_last_edited=\u00a0\u00bbon|phone\u00a0\u00bb custom_padding=\u00a0\u00bb|20px|25px|15px|false|false\u00a0\u00bb custom_padding_tablet=\u00a0\u00bb|20px|25px|15px|false|false\u00a0\u00bb custom_padding_phone=\u00a0\u00bb|20px|25px||false|false\u00a0\u00bb custom_padding_last_edited=\u00a0\u00bbon|phone\u00a0\u00bb animation_style=\u00a0\u00bbflip\u00a0\u00bb border_radii=\u00a0\u00bbon|15px|15px|15px|15px\u00a0\u00bb border_color_all=\u00a0\u00bbgcid-60007c9b-aa45-4000-847d-964582a23eb9&Prime; box_shadow_style=\u00a0\u00bbpreset2&Prime; global_colors_info=\u00a0\u00bb{%22gcid-secondary-color%22:%91%22quote_icon_color%22%93,%22gcid-primary-color%22:%91%22author_text_color%22%93,%22gcid-60007c9b-aa45-4000-847d-964582a23eb9%22:%91%22border_color_all%22%93}\u00a0\u00bb]<\/p>\n<p style=\"text-align: center;\"><span style=\"color: #cb2026;\"><strong><img loading=\"lazy\" decoding=\"async\" class=\"wp-image-1117 alignnone size-medium\" src=\"\/wp-content\/uploads\/2024\/06\/Magnatech-client-Americas-Direct-Accommodations-Green.png\" alt=\"\" width=\"162\" height=\"61\" \/><br \/><img loading=\"lazy\" decoding=\"async\" class=\"wp-image-1218 alignnone size-full\" src=\"\/wp-content\/uploads\/2024\/05\/open-quote.png\" alt=\"\" width=\"30\" height=\"30\" \/><\/strong><\/span>Notre partenariat avec Magnatech a \u00e9t\u00e9 exceptionnel. Leur \u00e9quipe est extr\u00eamement r\u00e9active et proactive, offrant des solutions rapides et efficaces \u00e0 chaque d\u00e9fi que nous leur pr\u00e9sentons. M\u00eame lorsque la demande est enti\u00e8rement nouvelle, ils l\u2019abordent avec cr\u00e9ativit\u00e9 et d\u00e9termination, trouvant toujours une fa\u00e7on de la concr\u00e9tiser. Ils nous font constamment sentir comme une priorit\u00e9, et leur engagement envers le service les distingue v\u00e9ritablement. <img loading=\"lazy\" decoding=\"async\" class=\"wp-image-1217 alignnone size-full\" src=\"\/wp-content\/uploads\/2024\/05\/end-quote.png\" alt=\"\" width=\"25\" height=\"25\" \/><\/p>\n<p>[\/et_pb_testimonial][\/et_pb_column][\/et_pb_row][\/et_pb_section]<\/p>\n","protected":false},"excerpt":{"rendered":"<p>PRODUCTION DE DOCUMENTSBienvenue \u00e0 OnQueue\u00ae\u2013 la solution h\u00e9berg\u00e9e de livraison de documents de Magnatech\u00ae qui permet aux agences de gestion de voyages de fournir des itin\u00e9raires de voyage personnalis\u00e9s et professionnels \u00e0 leurs clients dans un format compatible avec l\u2019appareil de leur choix (mobile, ordinateur, tablette) et qui se synchronise avec les calendriers.Avec OnQueue, vous [&hellip;]<\/p>\n","protected":false},"author":7,"featured_media":0,"parent":0,"menu_order":0,"comment_status":"closed","ping_status":"closed","template":"","meta":{"_et_pb_use_builder":"on","_et_pb_old_content":"","_et_gb_content_width":"","footnotes":""},"class_list":["post-1799","page","type-page","status-publish","hentry"],"_links":{"self":[{"href":"https:\/\/www.magnatech.com\/fr\/wp-json\/wp\/v2\/pages\/1799","targetHints":{"allow":["GET"]}}],"collection":[{"href":"https:\/\/www.magnatech.com\/fr\/wp-json\/wp\/v2\/pages"}],"about":[{"href":"https:\/\/www.magnatech.com\/fr\/wp-json\/wp\/v2\/types\/page"}],"author":[{"embeddable":true,"href":"https:\/\/www.magnatech.com\/fr\/wp-json\/wp\/v2\/users\/7"}],"replies":[{"embeddable":true,"href":"https:\/\/www.magnatech.com\/fr\/wp-json\/wp\/v2\/comments?post=1799"}],"version-history":[{"count":21,"href":"https:\/\/www.magnatech.com\/fr\/wp-json\/wp\/v2\/pages\/1799\/revisions"}],"predecessor-version":[{"id":4380,"href":"https:\/\/www.magnatech.com\/fr\/wp-json\/wp\/v2\/pages\/1799\/revisions\/4380"}],"wp:attachment":[{"href":"https:\/\/www.magnatech.com\/fr\/wp-json\/wp\/v2\/media?parent=1799"}],"curies":[{"name":"wp","href":"https:\/\/api.w.org\/{rel}","templated":true}]}}