{"id":1808,"date":"2024-05-06T07:57:36","date_gmt":"2024-05-06T07:57:36","guid":{"rendered":"https:\/\/staging.magnatech.com\/mtworkflows\/"},"modified":"2026-03-30T02:38:13","modified_gmt":"2026-03-30T02:38:13","slug":"mtworkflows","status":"publish","type":"page","link":"https:\/\/www.magnatech.com\/fr\/mtworkflows\/","title":{"rendered":"MTWorkflows"},"content":{"rendered":"<p>[et_pb_section fb_built=\u00a0\u00bb1&Prime; _builder_version=\u00a0\u00bb4.25.1&Prime; _module_preset=\u00a0\u00bbdefault\u00a0\u00bb background_image=\u00a0\u00bbhttps:\/\/www.magnatech.com\/wp-content\/uploads\/2024\/08\/Magnatech-travel-technology-increases-profitability.jpg\u00a0\u00bb height=\u00a0\u00bb500px\u00a0\u00bb height_tablet=\u00a0\u00bb500px\u00a0\u00bb height_phone=\u00a0\u00bb200px\u00a0\u00bb height_last_edited=\u00a0\u00bbon|phone\u00a0\u00bb background_last_edited=\u00a0\u00bbon|phone\u00a0\u00bb background_image_phone=\u00a0\u00bbhttps:\/\/www.magnatech.com\/wp-content\/uploads\/2024\/06\/Magnatech-travel-technology-increases-profitability.png\u00a0\u00bb background_enable_image_phone=\u00a0\u00bbon\u00a0\u00bb global_colors_info=\u00a0\u00bb{}\u00a0\u00bb][\/et_pb_section][et_pb_section fb_built=\u00a0\u00bb1&Prime; _builder_version=\u00a0\u00bb4.25.0&Prime; _module_preset=\u00a0\u00bbdefault\u00a0\u00bb custom_padding=\u00a0\u00bb||0px||false|false\u00a0\u00bb box_shadow_style=\u00a0\u00bbpreset6&Prime; box_shadow_vertical=\u00a0\u00bb20px\u00a0\u00bb box_shadow_color=\u00a0\u00bbrgba(53,53,53,0.06)\u00a0\u00bb locked=\u00a0\u00bboff\u00a0\u00bb global_colors_info=\u00a0\u00bb{}\u00a0\u00bb][et_pb_row _builder_version=\u00a0\u00bb4.22.2&Prime; _module_preset=\u00a0\u00bbdefault\u00a0\u00bb global_colors_info=\u00a0\u00bb{}\u00a0\u00bb][et_pb_column type=\u00a0\u00bb4_4&Prime; _builder_version=\u00a0\u00bb4.22.2&Prime; _module_preset=\u00a0\u00bbdefault\u00a0\u00bb global_colors_info=\u00a0\u00bb{}\u00a0\u00bb][et_pb_text _builder_version=\u00a0\u00bb4.25.0&Prime; _module_preset=\u00a0\u00bbdefault\u00a0\u00bb header_font=\u00a0\u00bb|300|||||||\u00a0\u00bb header_font_size=\u00a0\u00bb36px\u00a0\u00bb header_2_font=\u00a0\u00bb|700|||||||\u00a0\u00bb global_colors_info=\u00a0\u00bb{}\u00a0\u00bb]<\/p>\n<h1 style=\"text-align: center;\">FLUX DE TRAVAIL AUTOMATIS\u00c9S<\/h1>\n<p>[\/et_pb_text][\/et_pb_column][\/et_pb_row][\/et_pb_section][et_pb_section fb_built=\u00a0\u00bb1&Prime; _builder_version=\u00a0\u00bb4.22.2&Prime; _module_preset=\u00a0\u00bbdefault\u00a0\u00bb global_colors_info=\u00a0\u00bb{}\u00a0\u00bb][et_pb_row column_structure=\u00a0\u00bb1_2,1_2&Prime; make_equal=\u00a0\u00bbon\u00a0\u00bb _builder_version=\u00a0\u00bb4.25.1&Prime; _module_preset=\u00a0\u00bbdefault\u00a0\u00bb custom_margin=\u00a0\u00bb||25px||false|false\u00a0\u00bb custom_margin_tablet=\u00a0\u00bb||25px||false|false\u00a0\u00bb custom_margin_phone=\u00a0\u00bb||25px||false|false\u00a0\u00bb custom_margin_last_edited=\u00a0\u00bbon|desktop\u00a0\u00bb custom_css_main_element=\u00a0\u00bbalign-items:center;\u00a0\u00bb global_colors_info=\u00a0\u00bb{}\u00a0\u00bb][et_pb_column type=\u00a0\u00bb1_2&Prime; _builder_version=\u00a0\u00bb4.22.2&Prime; _module_preset=\u00a0\u00bbdefault\u00a0\u00bb global_colors_info=\u00a0\u00bb{}\u00a0\u00bb][et_pb_image src=\u00a0\u00bbhttps:\/\/www.magnatech.com\/wp-content\/uploads\/2025\/09\/2025-Magnatech-MTWF-Gif.gif\u00a0\u00bb title_text=\u00a0\u00bb2025 Magnatech -MTWF Gif\u00a0\u00bb force_fullwidth=\u00a0\u00bbon\u00a0\u00bb _builder_version=\u00a0\u00bb4.27.4&Prime; _module_preset=\u00a0\u00bbdefault\u00a0\u00bb border_radii=\u00a0\u00bbon|15px|15px|15px|15px\u00a0\u00bb box_shadow_style=\u00a0\u00bbpreset1&Prime; global_colors_info=\u00a0\u00bb{}\u00a0\u00bb][\/et_pb_image][\/et_pb_column][et_pb_column type=\u00a0\u00bb1_2&Prime; _builder_version=\u00a0\u00bb4.22.2&Prime; _module_preset=\u00a0\u00bbdefault\u00a0\u00bb global_colors_info=\u00a0\u00bb{}\u00a0\u00bb][et_pb_image src=\u00a0\u00bbhttps:\/\/www.magnatech.com\/wp-content\/uploads\/2025\/09\/MTWorkflows-r-753-82-e1756811494604.png\u00a0\u00bb alt=\u00a0\u00bbMTWorkflows logo de marque d\u00e9pos\u00e9e\u00a0\u00bb title_text=\u00a0\u00bbMTWorkflows-R\u00a0\u00bb align=\u00a0\u00bbcenter\u00a0\u00bb _builder_version=\u00a0\u00bb4.27.4&Prime; _module_preset=\u00a0\u00bbdefault\u00a0\u00bb global_colors_info=\u00a0\u00bb{}\u00a0\u00bb][\/et_pb_image][et_pb_text _builder_version=\u00a0\u00bb4.25.0&Prime; _module_preset=\u00a0\u00bbdefault\u00a0\u00bb text_font=\u00a0\u00bbProximaNova-Light|300|||||||\u00a0\u00bb header_2_font=\u00a0\u00bb|700|||||||\u00a0\u00bb text_orientation=\u00a0\u00bbcenter\u00a0\u00bb global_colors_info=\u00a0\u00bb{}\u00a0\u00bb]<\/p>\n<p>Bienvenue sur MTWorkflows\u00ae\u2013 l\u2019outil d\u2019autatisation ultime pour les TMC qui simplifie vos processus quotidiens et am\u00e9liore la communication avec les clients afin d\u2019optimiser votre productivit\u00e9 globale, votre efficacit\u00e9 et votre service \u00e0 la client\u00e8le.<\/p>\n<p>[\/et_pb_text][et_pb_button button_url=\u00a0\u00bbhttps:\/\/www.magnatech.com\/fr\/contactez-nous\/\u00a0\u00bb button_text=\u00a0\u00bbDemandez une D\u00e9mo\u00a0\u00bb button_alignment=\u00a0\u00bbcenter\u00a0\u00bb _builder_version=\u00a0\u00bb4.25.0&Prime; _module_preset=\u00a0\u00bbdefault\u00a0\u00bb custom_button=\u00a0\u00bbon\u00a0\u00bb button_font=\u00a0\u00bb|||on|||||\u00a0\u00bb box_shadow_style=\u00a0\u00bbpreset3&Prime; global_colors_info=\u00a0\u00bb{}\u00a0\u00bb][\/et_pb_button][\/et_pb_column][\/et_pb_row][et_pb_row column_structure=\u00a0\u00bb1_2,1_2&Prime; make_equal=\u00a0\u00bbon\u00a0\u00bb module_class=\u00a0\u00bbreverse\u00a0\u00bb _builder_version=\u00a0\u00bb4.25.1&Prime; _module_preset=\u00a0\u00bbdefault\u00a0\u00bb custom_margin=\u00a0\u00bb25px||||false|false\u00a0\u00bb custom_margin_tablet=\u00a0\u00bb25px||||false|false\u00a0\u00bb custom_margin_phone=\u00a0\u00bb25px||||false|false\u00a0\u00bb custom_margin_last_edited=\u00a0\u00bbon|desktop\u00a0\u00bb custom_css_main_element=\u00a0\u00bbalign-items:center;\u00a0\u00bb global_colors_info=\u00a0\u00bb{}\u00a0\u00bb][et_pb_column type=\u00a0\u00bb1_2&Prime; _builder_version=\u00a0\u00bb4.22.2&Prime; _module_preset=\u00a0\u00bbdefault\u00a0\u00bb global_colors_info=\u00a0\u00bb{}\u00a0\u00bb][et_pb_text _builder_version=\u00a0\u00bb4.25.1&Prime; _module_preset=\u00a0\u00bbdefault\u00a0\u00bb text_font=\u00a0\u00bbProximaNova-Light|300|||||||\u00a0\u00bb header_2_font=\u00a0\u00bb|700|||||||\u00a0\u00bb text_orientation=\u00a0\u00bbcenter\u00a0\u00bb custom_padding_tablet=\u00a0\u00bb\u00a0\u00bb custom_padding_phone=\u00a0\u00bb30px||||false|false\u00a0\u00bb custom_padding_last_edited=\u00a0\u00bbon|phone\u00a0\u00bb global_colors_info=\u00a0\u00bb{}\u00a0\u00bb]<\/p>\n<p>Les jours de t\u00e2ches manuelles fastidieuses et laborieuses, qui consomment un temps pr\u00e9cieux et des ressources, sont r\u00e9volus. <strong>MTWorkflows <\/strong> automatise les processus simples des agences de voyages d\u2019affaires, que ce soit dans ou en dehors du GDS, pour obtenir les meilleurs r\u00e9sultats possibles.<\/p>\n<p><\/p>\n<p>Avec son interface conviviale, cr\u00e9er un flux de processus pr\u00e9d\u00e9finis est rapide et facile. Le sch\u00e9ma de flux r\u00e9sultant repr\u00e9sente visuellement le processus, le rendant facile \u00e0 comprendre et \u00e0 personnaliser selon vos besoins sp\u00e9cifiques. Le diagramme de flux r\u00e9sultant repr\u00e9sente visuellement le processus, facilitant sa compr\u00e9hension et sa personnalisation selon vos besoins sp\u00e9cifiques. <\/p>\n<p>[\/et_pb_text][et_pb_button button_url=\u00a0\u00bb\/wp-content\/uploads\/2024\/06\/2023.MTWorkflows-par-Magnatech.pdf\u00a0\u00bb url_new_window=\u00a0\u00bbon\u00a0\u00bb button_text=\u00a0\u00bbT\u00e9l\u00e9chargez la brochure\u00a0\u00bb button_alignment=\u00a0\u00bbcenter\u00a0\u00bb _builder_version=\u00a0\u00bb4.27.4&Prime; _module_preset=\u00a0\u00bbdefault\u00a0\u00bb custom_button=\u00a0\u00bbon\u00a0\u00bb button_font=\u00a0\u00bb|||on|||||\u00a0\u00bb box_shadow_style=\u00a0\u00bbpreset3&Prime; locked=\u00a0\u00bboff\u00a0\u00bb global_colors_info=\u00a0\u00bb{}\u00a0\u00bb][\/et_pb_button][\/et_pb_column][et_pb_column type=\u00a0\u00bb1_2&Prime; _builder_version=\u00a0\u00bb4.22.2&Prime; _module_preset=\u00a0\u00bbdefault\u00a0\u00bb global_colors_info=\u00a0\u00bb{}\u00a0\u00bb][et_pb_image src=\u00a0\u00bbhttp:\/\/magnatech.com\/wp-content\/uploads\/2024\/05\/MTWorkflows-Automation-by-Magnatech.png\u00a0\u00bb title_text=\u00a0\u00bbMTWorkflows Automation by Magnatech\u00a0\u00bb force_fullwidth=\u00a0\u00bbon\u00a0\u00bb _builder_version=\u00a0\u00bb4.25.0&Prime; _module_preset=\u00a0\u00bbdefault\u00a0\u00bb global_colors_info=\u00a0\u00bb{}\u00a0\u00bb][\/et_pb_image][\/et_pb_column][\/et_pb_row][\/et_pb_section][et_pb_section fb_built=\u00a0\u00bb1&Prime; module_id=\u00a0\u00bbPLATINUM\u00a0\u00bb _builder_version=\u00a0\u00bb4.27.6&Prime; _module_preset=\u00a0\u00bbdefault\u00a0\u00bb custom_padding=\u00a0\u00bb32px||6px|||\u00a0\u00bb hover_enabled=\u00a0\u00bb0&Prime; global_colors_info=\u00a0\u00bb{}\u00a0\u00bb sticky_enabled=\u00a0\u00bb0&Prime;][et_pb_row _builder_version=\u00a0\u00bb4.22.2&Prime; _module_preset=\u00a0\u00bbdefault\u00a0\u00bb custom_padding=\u00a0\u00bb||14px|||\u00a0\u00bb locked=\u00a0\u00bboff\u00a0\u00bb global_colors_info=\u00a0\u00bb{}\u00a0\u00bb][et_pb_column type=\u00a0\u00bb4_4&Prime; _builder_version=\u00a0\u00bb4.22.2&Prime; _module_preset=\u00a0\u00bbdefault\u00a0\u00bb global_colors_info=\u00a0\u00bb{}\u00a0\u00bb][et_pb_text _builder_version=\u00a0\u00bb4.25.0&Prime; _module_preset=\u00a0\u00bbdefault\u00a0\u00bb text_font=\u00a0\u00bb|300|||||||\u00a0\u00bb header_2_font=\u00a0\u00bb|300||on|||||\u00a0\u00bb header_2_font_size=\u00a0\u00bb32px\u00a0\u00bb custom_margin=\u00a0\u00bb||-50px||false|false\u00a0\u00bb locked=\u00a0\u00bboff\u00a0\u00bb global_colors_info=\u00a0\u00bb{}\u00a0\u00bb]<\/p>\n<h2>CE QUE NOS CLIENTS DISENT<\/h2>\n<p>[\/et_pb_text][\/et_pb_column][\/et_pb_row][\/et_pb_section][et_pb_section fb_built=\u00a0\u00bb1&Prime; _builder_version=\u00a0\u00bb4.27.5&Prime; _module_preset=\u00a0\u00bbdefault\u00a0\u00bb background_image=\u00a0\u00bbhttps:\/\/www.magnatech.com\/wp-content\/uploads\/2026\/03\/March-2026-Magnatech-Client-Feedback-Background.png\u00a0\u00bb background_blend=\u00a0\u00bbluminosity\u00a0\u00bb min_height=\u00a0\u00bb603.8px\u00a0\u00bb custom_padding=\u00a0\u00bb30px||37px|||\u00a0\u00bb global_colors_info=\u00a0\u00bb{%22gcid-dae0cf0f-bdf4-49d9-828b-078d8488e2b8%22:%91%22background_color_gradient_stops%22,%22background_pattern_color%22,%22background_color_gradient_stops%22,%22background_pattern_color%22%93,%22gcid-60007c9b-aa45-4000-847d-964582a23eb9%22:%91%22background_color_gradient_stops%22,%22background_color_gradient_stops%22%93}\u00a0\u00bb][et_pb_row custom_padding_last_edited=\u00a0\u00bboff|phone\u00a0\u00bb _builder_version=\u00a0\u00bb4.25.1&Prime; _module_preset=\u00a0\u00bbdefault\u00a0\u00bb background_color=\u00a0\u00bbRGBA(255,255,255,0)\u00a0\u00bb custom_margin=\u00a0\u00bb||||false|false\u00a0\u00bb custom_margin_tablet=\u00a0\u00bb||||false|false\u00a0\u00bb custom_margin_phone=\u00a0\u00bb||||false|false\u00a0\u00bb custom_margin_last_edited=\u00a0\u00bbon|phone\u00a0\u00bb custom_padding_phone=\u00a0\u00bb|0px||0px|false|true\u00a0\u00bb global_colors_info=\u00a0\u00bb{}\u00a0\u00bb][et_pb_column type=\u00a0\u00bb4_4&Prime; _builder_version=\u00a0\u00bb4.25.0&Prime; _module_preset=\u00a0\u00bbdefault\u00a0\u00bb global_colors_info=\u00a0\u00bb{}\u00a0\u00bb][et_pb_testimonial author=\u00a0\u00bb- Ike Dayan\u00a0\u00bb job_title=\u00a0\u00bbDirecteur des op\u00e9rations\u00a0\u00bb company_name=\u00a0\u00bbPlatinum Travel\u00a0\u00bb quote_icon=\u00a0\u00bboff\u00a0\u00bb quote_icon_color=\u00a0\u00bbgcid-secondary-color\u00a0\u00bb use_icon_font_size=\u00a0\u00bbon\u00a0\u00bb icon_font_size=\u00a0\u00bb60px\u00a0\u00bb _builder_version=\u00a0\u00bb4.27.5&Prime; _module_preset=\u00a0\u00bbdefault\u00a0\u00bb author_text_color=\u00a0\u00bbgcid-primary-color\u00a0\u00bb background_color=\u00a0\u00bb#FFFFFF\u00a0\u00bb max_width=\u00a0\u00bb68%\u00a0\u00bb max_width_tablet=\u00a0\u00bb68%\u00a0\u00bb max_width_phone=\u00a0\u00bb100%\u00a0\u00bb max_width_last_edited=\u00a0\u00bbon|phone\u00a0\u00bb module_alignment=\u00a0\u00bbcenter\u00a0\u00bb custom_margin=\u00a0\u00bb|70px||70px|false|false\u00a0\u00bb custom_margin_tablet=\u00a0\u00bb|70px||70px|false|false\u00a0\u00bb custom_margin_phone=\u00a0\u00bb|0px||0px|false|true\u00a0\u00bb custom_margin_last_edited=\u00a0\u00bbon|phone\u00a0\u00bb custom_padding=\u00a0\u00bb|20px|25px|15px|false|false\u00a0\u00bb custom_padding_tablet=\u00a0\u00bb|20px|25px|15px|false|false\u00a0\u00bb custom_padding_phone=\u00a0\u00bb|20px|25px||false|false\u00a0\u00bb custom_padding_last_edited=\u00a0\u00bbon|phone\u00a0\u00bb animation_style=\u00a0\u00bbflip\u00a0\u00bb border_radii=\u00a0\u00bbon|15px|15px|15px|15px\u00a0\u00bb border_color_all=\u00a0\u00bbgcid-60007c9b-aa45-4000-847d-964582a23eb9&Prime; box_shadow_style=\u00a0\u00bbpreset2&Prime; global_colors_info=\u00a0\u00bb{%22gcid-secondary-color%22:%91%22quote_icon_color%22%93,%22gcid-primary-color%22:%91%22author_text_color%22%93,%22gcid-60007c9b-aa45-4000-847d-964582a23eb9%22:%91%22border_color_all%22%93}\u00a0\u00bb]<\/p>\n<p style=\"text-align: center;\"><span style=\"color: #cb2026;\"><strong><img loading=\"lazy\" decoding=\"async\" class=\"wp-image-1117 alignnone size-medium\" src=\"\/wp-content\/uploads\/2026\/03\/Magnatech-client-Platinum-Travel-USA-white-2025.png\" alt=\"\" width=\"162\" height=\"61\" \/><br \/><img loading=\"lazy\" decoding=\"async\" class=\"wp-image-1218 alignnone size-full\" src=\"\/wp-content\/uploads\/2024\/05\/open-quote.png\" alt=\"\" width=\"30\" height=\"30\" \/><\/strong><\/span>\u00a0\u00c0 une \u00e9tape critique de notre entreprise, alors que nous nous concentrions sur une mont\u00e9e en puissance rapide et le soutien d\u2019une croissance continue, nous avions besoin de <strong>plus qu\u2019un simple outil d\u2019automatisation<\/strong> ; nous avions besoin d\u2019une suite compl\u00e8te de fonctionnalit\u00e9s pour <strong>am\u00e9liorer nos flux de travail \u00e0 travers les plateformes de r\u00e9servation, les syst\u00e8mes back-office, les communications clients, les int\u00e9grations technologiques et plus encore<\/strong>.<br \/>Paul et son \u00e9quipe ont non seulement tout mis en \u0153uvre de mani\u00e8re fluide, mais ils ont \u00e9galement pris le temps de nous rencontrer, de comprendre nos besoins sp\u00e9cifiques et d\u2019adapter leur technologie en cons\u00e9quence. Magnatech a jou\u00e9 un r\u00f4le cl\u00e9 pour nous aider \u00e0 atteindre nos objectifs ambitieux \u00e0 l\u2019approche de 2026, et nous nous r\u00e9jouissons de poursuivre notre partenariat dans les ann\u00e9es \u00e0 venir.\u00a0<img loading=\"lazy\" decoding=\"async\" class=\"wp-image-1217 alignnone size-full\" src=\"\/wp-content\/uploads\/2024\/05\/end-quote.png\" alt=\"\" width=\"25\" height=\"25\" \/><\/p>\n<p>[\/et_pb_testimonial][\/et_pb_column][\/et_pb_row][\/et_pb_section]<\/p>\n","protected":false},"excerpt":{"rendered":"<p>FLUX DE TRAVAIL AUTOMATIS\u00c9SBienvenue sur MTWorkflows\u00ae\u2013 l\u2019outil d\u2019autatisation ultime pour les TMC qui simplifie vos processus quotidiens et am\u00e9liore la communication avec les clients afin d\u2019optimiser votre productivit\u00e9 globale, votre efficacit\u00e9 et votre service \u00e0 la client\u00e8le.Les jours de t\u00e2ches manuelles fastidieuses et laborieuses, qui consomment un temps pr\u00e9cieux et des ressources, sont r\u00e9volus. MTWorkflows [&hellip;]<\/p>\n","protected":false},"author":7,"featured_media":0,"parent":0,"menu_order":0,"comment_status":"closed","ping_status":"closed","template":"","meta":{"_et_pb_use_builder":"on","_et_pb_old_content":"","_et_gb_content_width":"","footnotes":""},"class_list":["post-1808","page","type-page","status-publish","hentry"],"_links":{"self":[{"href":"https:\/\/www.magnatech.com\/fr\/wp-json\/wp\/v2\/pages\/1808","targetHints":{"allow":["GET"]}}],"collection":[{"href":"https:\/\/www.magnatech.com\/fr\/wp-json\/wp\/v2\/pages"}],"about":[{"href":"https:\/\/www.magnatech.com\/fr\/wp-json\/wp\/v2\/types\/page"}],"author":[{"embeddable":true,"href":"https:\/\/www.magnatech.com\/fr\/wp-json\/wp\/v2\/users\/7"}],"replies":[{"embeddable":true,"href":"https:\/\/www.magnatech.com\/fr\/wp-json\/wp\/v2\/comments?post=1808"}],"version-history":[{"count":26,"href":"https:\/\/www.magnatech.com\/fr\/wp-json\/wp\/v2\/pages\/1808\/revisions"}],"predecessor-version":[{"id":4298,"href":"https:\/\/www.magnatech.com\/fr\/wp-json\/wp\/v2\/pages\/1808\/revisions\/4298"}],"wp:attachment":[{"href":"https:\/\/www.magnatech.com\/fr\/wp-json\/wp\/v2\/media?parent=1808"}],"curies":[{"name":"wp","href":"https:\/\/api.w.org\/{rel}","templated":true}]}}