{"id":1825,"date":"2024-05-06T07:29:46","date_gmt":"2024-05-06T07:29:46","guid":{"rendered":"https:\/\/staging.magnatech.com\/gestion-des-billets-non-utilises\/"},"modified":"2026-03-30T06:53:46","modified_gmt":"2026-03-30T06:53:46","slug":"gestion-des-billets-non-utilises","status":"publish","type":"page","link":"https:\/\/www.magnatech.com\/fr\/gestion-des-billets-non-utilises\/","title":{"rendered":"Gestion des Billets Non Utilis\u00e9s"},"content":{"rendered":"<p>[et_pb_section fb_built=\u00a0\u00bb1&Prime; _builder_version=\u00a0\u00bb4.27.4&Prime; _module_preset=\u00a0\u00bbdefault\u00a0\u00bb background_image=\u00a0\u00bbhttps:\/\/www.magnatech.com\/wp-content\/uploads\/2024\/07\/Magnatech-travel-technology-traveler-tracking-software.jpg\u00a0\u00bb height=\u00a0\u00bb500px\u00a0\u00bb height_tablet=\u00a0\u00bb500px\u00a0\u00bb height_phone=\u00a0\u00bb200px\u00a0\u00bb height_last_edited=\u00a0\u00bbon|phone\u00a0\u00bb background_last_edited=\u00a0\u00bbon|phone\u00a0\u00bb background_image_phone=\u00a0\u00bbhttps:\/\/www.magnatech.com\/wp-content\/uploads\/2024\/06\/Magnatech-travel-technology-traveler-tracking-software.png\u00a0\u00bb background_enable_image_phone=\u00a0\u00bbon\u00a0\u00bb global_colors_info=\u00a0\u00bb{}\u00a0\u00bb][\/et_pb_section][et_pb_section fb_built=\u00a0\u00bb1&Prime; _builder_version=\u00a0\u00bb4.25.0&Prime; _module_preset=\u00a0\u00bbdefault\u00a0\u00bb custom_padding=\u00a0\u00bb||0px||false|false\u00a0\u00bb box_shadow_style=\u00a0\u00bbpreset6&Prime; box_shadow_vertical=\u00a0\u00bb20px\u00a0\u00bb box_shadow_color=\u00a0\u00bbrgba(53,53,53,0.06)\u00a0\u00bb locked=\u00a0\u00bboff\u00a0\u00bb global_colors_info=\u00a0\u00bb{}\u00a0\u00bb][et_pb_row _builder_version=\u00a0\u00bb4.22.2&Prime; _module_preset=\u00a0\u00bbdefault\u00a0\u00bb global_colors_info=\u00a0\u00bb{}\u00a0\u00bb][et_pb_column type=\u00a0\u00bb4_4&Prime; _builder_version=\u00a0\u00bb4.22.2&Prime; _module_preset=\u00a0\u00bbdefault\u00a0\u00bb global_colors_info=\u00a0\u00bb{}\u00a0\u00bb][et_pb_text _builder_version=\u00a0\u00bb4.25.0&Prime; _module_preset=\u00a0\u00bbdefault\u00a0\u00bb header_font=\u00a0\u00bb|300|||||||\u00a0\u00bb header_font_size=\u00a0\u00bb36px\u00a0\u00bb header_2_font=\u00a0\u00bb|700|||||||\u00a0\u00bb global_colors_info=\u00a0\u00bb{}\u00a0\u00bb]<\/p>\n<h1 style=\"text-align: center;\">GESTION DES BILLETS NON UTILIS\u00c9S<\/h1>\n<p>[\/et_pb_text][\/et_pb_column][\/et_pb_row][\/et_pb_section][et_pb_section fb_built=\u00a0\u00bb1&Prime; _builder_version=\u00a0\u00bb4.22.2&Prime; _module_preset=\u00a0\u00bbdefault\u00a0\u00bb custom_padding=\u00a0\u00bb||35px|||\u00a0\u00bb global_colors_info=\u00a0\u00bb{}\u00a0\u00bb][et_pb_row column_structure=\u00a0\u00bb1_2,1_2&Prime; make_equal=\u00a0\u00bbon\u00a0\u00bb _builder_version=\u00a0\u00bb4.25.1&Prime; _module_preset=\u00a0\u00bbdefault\u00a0\u00bb custom_margin=\u00a0\u00bb||25px||false|false\u00a0\u00bb custom_margin_tablet=\u00a0\u00bb||25px||false|false\u00a0\u00bb custom_margin_phone=\u00a0\u00bb||25px||false|false\u00a0\u00bb custom_margin_last_edited=\u00a0\u00bbon|desktop\u00a0\u00bb custom_css_main_element=\u00a0\u00bbalign-items:center;\u00a0\u00bb global_colors_info=\u00a0\u00bb{}\u00a0\u00bb][et_pb_column type=\u00a0\u00bb1_2&Prime; _builder_version=\u00a0\u00bb4.22.2&Prime; _module_preset=\u00a0\u00bbdefault\u00a0\u00bb global_colors_info=\u00a0\u00bb{}\u00a0\u00bb][et_pb_image src=\u00a0\u00bbhttps:\/\/www.magnatech.com\/wp-content\/uploads\/2025\/02\/2024-Magnatech-OnTrackplus.gif\u00a0\u00bb title_text=\u00a0\u00bbMagnatech &#8211; OnTrackplus\u00a0\u00bb force_fullwidth=\u00a0\u00bbon\u00a0\u00bb _builder_version=\u00a0\u00bb4.27.4&Prime; _module_preset=\u00a0\u00bbdefault\u00a0\u00bb border_radii=\u00a0\u00bbon|15px|15px|15px|15px\u00a0\u00bb box_shadow_style=\u00a0\u00bbpreset1&Prime; global_colors_info=\u00a0\u00bb{}\u00a0\u00bb][\/et_pb_image][\/et_pb_column][et_pb_column type=\u00a0\u00bb1_2&Prime; _builder_version=\u00a0\u00bb4.22.2&Prime; _module_preset=\u00a0\u00bbdefault\u00a0\u00bb global_colors_info=\u00a0\u00bb{}\u00a0\u00bb][et_pb_image src=\u00a0\u00bbhttps:\/\/www.magnatech.com\/wp-content\/uploads\/2025\/02\/OnTrackPlus-Halfsize-White-e1740438351957.png\u00a0\u00bb title_text=\u00a0\u00bbOnTrackPlus-R\u00a0\u00bb align=\u00a0\u00bbcenter\u00a0\u00bb _builder_version=\u00a0\u00bb4.27.4&Prime; _module_preset=\u00a0\u00bbdefault\u00a0\u00bb global_colors_info=\u00a0\u00bb{}\u00a0\u00bb][\/et_pb_image][et_pb_text _builder_version=\u00a0\u00bb4.25.0&Prime; _module_preset=\u00a0\u00bbdefault\u00a0\u00bb text_font=\u00a0\u00bbProximaNova-Light|300|||||||\u00a0\u00bb header_2_font=\u00a0\u00bb|700|||||||\u00a0\u00bb text_orientation=\u00a0\u00bbcenter\u00a0\u00bb global_colors_info=\u00a0\u00bb{}\u00a0\u00bb]<\/p>\n<p>Il est estim\u00e9 que cinq pour cent de tous les billets d&rsquo;avion r\u00e9serv\u00e9s sont cens\u00e9s rester inutilis\u00e9s. Lorsqu&rsquo;une agence de gestion des voyages (TMC) offre ses services \u00e0 des clients corporatifs, on lui demande g\u00e9n\u00e9ralement de fournir une documentation sur les proc\u00e9dures qu&rsquo;elle met en place pour g\u00e9rer le suivi des billets inutilis\u00e9s. Si la date d&rsquo;expiration est respect\u00e9e, ces billets peuvent \u00eatre \u00e9chang\u00e9s contre la valeur de billets futurs; sinon, les clients perdent la valeur totale de leurs billets, ce qui repr\u00e9sente un risque financier important pour la TMC et ses clients.  <\/p>\n<p>[\/et_pb_text][et_pb_button button_url=\u00a0\u00bbhttps:\/\/www.magnatech.com\/fr\/contactez-nous\/\u00a0\u00bb button_text=\u00a0\u00bbDemandez une D\u00e9mo\u00a0\u00bb button_alignment=\u00a0\u00bbcenter\u00a0\u00bb _builder_version=\u00a0\u00bb4.25.0&Prime; _module_preset=\u00a0\u00bbdefault\u00a0\u00bb custom_button=\u00a0\u00bbon\u00a0\u00bb button_font=\u00a0\u00bb|||on|||||\u00a0\u00bb box_shadow_style=\u00a0\u00bbpreset3&Prime; global_colors_info=\u00a0\u00bb{}\u00a0\u00bb][\/et_pb_button][\/et_pb_column][\/et_pb_row][et_pb_row column_structure=\u00a0\u00bb1_2,1_2&Prime; make_equal=\u00a0\u00bbon\u00a0\u00bb module_class=\u00a0\u00bbreverse\u00a0\u00bb _builder_version=\u00a0\u00bb4.25.1&Prime; _module_preset=\u00a0\u00bbdefault\u00a0\u00bb custom_margin=\u00a0\u00bb25px||||false|false\u00a0\u00bb custom_margin_tablet=\u00a0\u00bb25px||||false|false\u00a0\u00bb custom_margin_phone=\u00a0\u00bb25px||||false|false\u00a0\u00bb custom_margin_last_edited=\u00a0\u00bbon|desktop\u00a0\u00bb custom_css_main_element=\u00a0\u00bbalign-items:center;\u00a0\u00bb global_colors_info=\u00a0\u00bb{}\u00a0\u00bb][et_pb_column type=\u00a0\u00bb1_2&Prime; _builder_version=\u00a0\u00bb4.22.2&Prime; _module_preset=\u00a0\u00bbdefault\u00a0\u00bb global_colors_info=\u00a0\u00bb{}\u00a0\u00bb][et_pb_text _builder_version=\u00a0\u00bb4.27.4&Prime; _module_preset=\u00a0\u00bbdefault\u00a0\u00bb text_font=\u00a0\u00bbProximaNova-Light|300|||||||\u00a0\u00bb header_2_font=\u00a0\u00bb|700|||||||\u00a0\u00bb text_orientation=\u00a0\u00bbcenter\u00a0\u00bb custom_padding_tablet=\u00a0\u00bb\u00a0\u00bb custom_padding_phone=\u00a0\u00bb30px||||false|false\u00a0\u00bb custom_padding_last_edited=\u00a0\u00bbon|phone\u00a0\u00bb global_colors_info=\u00a0\u00bb{}\u00a0\u00bb]<\/p>\n<p><strong>OnTrackplus\u00ae<\/strong> de Magnatech<em><strong>\u00ae<\/strong><\/em> de Magnatech\u00ae a \u00e9t\u00e9 d\u00e9velopp\u00e9 pour r\u00e9duire votre charge de travail et \u00e9liminer les pertes financi\u00e8res li\u00e9es aux voyages a\u00e9riens non utilis\u00e9s. Il s&rsquo;agit d&rsquo;une solution en ligne qui permet de suivre, de mettre \u00e0 jour et de signaler automatiquement les billets inutilis\u00e9s, qui peuvent \u00eatre class\u00e9s par voyageur individuel ou par entreprise cliente. <\/p>\n<p><\/p>\n<p>Le suivi des billets inutilis\u00e9s et le calcul de leur valeur est un exercice qui prend du temps et qui est g\u00e9n\u00e9ralement effectu\u00e9 manuellement. Pour les TMC qui doivent g\u00e9rer des centaines d&rsquo;entreprises clientes, <strong>OnTrackplus<\/strong> repr\u00e9sente une opportunit\u00e9 de r\u00e9duire les efforts manuels et d&rsquo;am\u00e9liorer la g\u00e9n\u00e9ration de revenus. <\/p>\n<p>[\/et_pb_text][et_pb_button button_url=\u00a0\u00bb\/wp-content\/uploads\/2024\/06\/2023.ONTRACKplus-par-Magnatech.pdf\u00a0\u00bb url_new_window=\u00a0\u00bbon\u00a0\u00bb button_text=\u00a0\u00bbT\u00e9l\u00e9chargez la brochure\u00a0\u00bb button_alignment=\u00a0\u00bbcenter\u00a0\u00bb _builder_version=\u00a0\u00bb4.27.4&Prime; _module_preset=\u00a0\u00bbdefault\u00a0\u00bb custom_button=\u00a0\u00bbon\u00a0\u00bb button_font=\u00a0\u00bb|||on|||||\u00a0\u00bb box_shadow_style=\u00a0\u00bbpreset3&Prime; locked=\u00a0\u00bboff\u00a0\u00bb global_colors_info=\u00a0\u00bb{}\u00a0\u00bb][\/et_pb_button][\/et_pb_column][et_pb_column type=\u00a0\u00bb1_2&Prime; _builder_version=\u00a0\u00bb4.22.2&Prime; _module_preset=\u00a0\u00bbdefault\u00a0\u00bb global_colors_info=\u00a0\u00bb{}\u00a0\u00bb][et_pb_image src=\u00a0\u00bbhttps:\/\/www.magnatech.com\/wp-content\/uploads\/2024\/05\/ONTRACKplus-Unused-Ticket-Tracking-by-Magnatech.png\u00a0\u00bb title_text=\u00a0\u00bbONTRACKplus Gestion des billets non utilis\u00e9s par Magnatech\u00a0\u00bb force_fullwidth=\u00a0\u00bbon\u00a0\u00bb _builder_version=\u00a0\u00bb4.27.4&Prime; _module_preset=\u00a0\u00bbdefault\u00a0\u00bb global_colors_info=\u00a0\u00bb{}\u00a0\u00bb][\/et_pb_image][\/et_pb_column][\/et_pb_row][\/et_pb_section][et_pb_section fb_built=\u00a0\u00bb1&Prime; module_id=\u00a0\u00bbTTA-ATPI\u00a0\u00bb _builder_version=\u00a0\u00bb4.25.1&Prime; _module_preset=\u00a0\u00bbdefault\u00a0\u00bb custom_padding=\u00a0\u00bb32px||6px|||\u00a0\u00bb global_colors_info=\u00a0\u00bb{}\u00a0\u00bb][et_pb_row _builder_version=\u00a0\u00bb4.22.2&Prime; _module_preset=\u00a0\u00bbdefault\u00a0\u00bb custom_padding=\u00a0\u00bb||14px|||\u00a0\u00bb locked=\u00a0\u00bboff\u00a0\u00bb global_colors_info=\u00a0\u00bb{}\u00a0\u00bb][et_pb_column type=\u00a0\u00bb4_4&Prime; _builder_version=\u00a0\u00bb4.22.2&Prime; _module_preset=\u00a0\u00bbdefault\u00a0\u00bb global_colors_info=\u00a0\u00bb{}\u00a0\u00bb][et_pb_text _builder_version=\u00a0\u00bb4.25.0&Prime; _module_preset=\u00a0\u00bbdefault\u00a0\u00bb text_font=\u00a0\u00bb|300|||||||\u00a0\u00bb header_2_font=\u00a0\u00bb|300||on|||||\u00a0\u00bb header_2_font_size=\u00a0\u00bb32px\u00a0\u00bb custom_margin=\u00a0\u00bb||-50px||false|false\u00a0\u00bb locked=\u00a0\u00bboff\u00a0\u00bb global_colors_info=\u00a0\u00bb{}\u00a0\u00bb]<\/p>\n<h2 style=\"text-align: center; margin-bottom: 35px;\">CE QUE NOS CLIENTS DISENT<\/h2>\n<p>[\/et_pb_text][\/et_pb_column][\/et_pb_row][\/et_pb_section][et_pb_section fb_built=\u00a0\u00bb1&Prime; _builder_version=\u00a0\u00bb4.27.5&Prime; _module_preset=\u00a0\u00bbdefault\u00a0\u00bb background_image=\u00a0\u00bbhttps:\/\/www.magnatech.com\/wp-content\/uploads\/2026\/03\/March-2026-Magnatech-Client-Feedback-Background.png\u00a0\u00bb background_position=\u00a0\u00bbbottom_center\u00a0\u00bb background_blend=\u00a0\u00bbluminosity\u00a0\u00bb min_height=\u00a0\u00bb523.5px\u00a0\u00bb custom_margin=\u00a0\u00bb||6px|||\u00a0\u00bb custom_padding=\u00a0\u00bb37px||0px|||\u00a0\u00bb locked=\u00a0\u00bboff\u00a0\u00bb global_colors_info=\u00a0\u00bb{%22gcid-dae0cf0f-bdf4-49d9-828b-078d8488e2b8%22:%91%22background_color_gradient_stops%22,%22background_pattern_color%22%93,%22gcid-60007c9b-aa45-4000-847d-964582a23eb9%22:%91%22background_color_gradient_stops%22%93}\u00a0\u00bb][et_pb_row _builder_version=\u00a0\u00bb4.25.0&Prime; _module_preset=\u00a0\u00bbdefault\u00a0\u00bb background_color=\u00a0\u00bbRGBA(255,255,255,0)\u00a0\u00bb custom_margin=\u00a0\u00bb||||false|false\u00a0\u00bb global_colors_info=\u00a0\u00bb{}\u00a0\u00bb][et_pb_column type=\u00a0\u00bb4_4&Prime; _builder_version=\u00a0\u00bb4.25.0&Prime; _module_preset=\u00a0\u00bbdefault\u00a0\u00bb global_colors_info=\u00a0\u00bb{}\u00a0\u00bb][et_pb_testimonial author=\u00a0\u00bb- Rizwana Laxmidhar\u00a0\u00bb job_title=\u00a0\u00bbSp\u00e9cialiste en technologie et impl\u00e9mentation de voyages\u00a0\u00bb company_name=\u00a0\u00bbThe Travel Authority Group (maintenant Direct ATPI)\u00a0\u00bb quote_icon=\u00a0\u00bboff\u00a0\u00bb quote_icon_color=\u00a0\u00bbgcid-secondary-color\u00a0\u00bb use_icon_font_size=\u00a0\u00bbon\u00a0\u00bb icon_font_size=\u00a0\u00bb60px\u00a0\u00bb _builder_version=\u00a0\u00bb4.27.6&Prime; _module_preset=\u00a0\u00bbdefault\u00a0\u00bb author_text_color=\u00a0\u00bbgcid-primary-color\u00a0\u00bb background_color=\u00a0\u00bb#FFFFFF\u00a0\u00bb max_width=\u00a0\u00bb68%\u00a0\u00bb max_width_tablet=\u00a0\u00bb68%\u00a0\u00bb max_width_phone=\u00a0\u00bb100%\u00a0\u00bb max_width_last_edited=\u00a0\u00bbon|phone\u00a0\u00bb module_alignment=\u00a0\u00bbcenter\u00a0\u00bb custom_margin=\u00a0\u00bb|70px||70px|false|false\u00a0\u00bb custom_margin_tablet=\u00a0\u00bb|70px||70px|false|false\u00a0\u00bb custom_margin_phone=\u00a0\u00bb|0px||0px|false|true\u00a0\u00bb custom_margin_last_edited=\u00a0\u00bbon|phone\u00a0\u00bb custom_padding=\u00a0\u00bb|20px|25px|15px|false|false\u00a0\u00bb custom_padding_tablet=\u00a0\u00bb|20px|25px|15px|false|false\u00a0\u00bb custom_padding_phone=\u00a0\u00bb|20px|25px||false|false\u00a0\u00bb custom_padding_last_edited=\u00a0\u00bbon|phone\u00a0\u00bb animation_style=\u00a0\u00bbflip\u00a0\u00bb border_radii=\u00a0\u00bbon|15px|15px|15px|15px\u00a0\u00bb border_color_all=\u00a0\u00bbgcid-60007c9b-aa45-4000-847d-964582a23eb9&Prime; box_shadow_style=\u00a0\u00bbpreset2&Prime; global_colors_info=\u00a0\u00bb{%22gcid-secondary-color%22:%91%22quote_icon_color%22,%22quote_icon_color%22%93,%22gcid-primary-color%22:%91%22author_text_color%22,%22author_text_color%22%93,%22gcid-60007c9b-aa45-4000-847d-964582a23eb9%22:%91%22border_color_all%22,%22border_color_all%22%93}\u00a0\u00bb]<\/p>\n<p style=\"text-align: center;\"><span style=\"color: #cb2026;\"><strong><img loading=\"lazy\" decoding=\"async\" class=\"wp-image-1223 alignnone size-medium\" src=\"\/wp-content\/uploads\/2026\/03\/Magnatech-client-Direct-ATPI-2025-1.png\" alt=\"\" width=\"162\" height=\"61\" \/> <\/strong><\/span><\/p>\n<p><\/p>\n<p style=\"text-align: center;\"><span style=\"color: #cb2026;\"><strong><img loading=\"lazy\" decoding=\"async\" class=\"wp-image-1218 alignnone size-full\" src=\"\/wp-content\/uploads\/2024\/05\/open-quote.png\" alt=\"\" width=\"30\" height=\"30\" \/><\/strong><\/span>Gr\u00e2ce \u00e0 l\u2019utilisation du suivi des billets non utilis\u00e9s de Magnatech, nous avons consid\u00e9rablement <strong>r\u00e9duit le gaspillage<\/strong> en ayant la fonctionnalit\u00e9 de voir visuellement et de comptabiliser avec pr\u00e9cision les billets d\u00e9tenus en cr\u00e9dit. Nous avons pu <strong>r\u00e9duire consid\u00e9rablement notre charge de travail<\/strong> dans la gestion des billets non utilis\u00e9s et des rapports. Le processus de stockage et d\u2019utilisation des billets non utilis\u00e9s est maintenant efficace et fluide. <img loading=\"lazy\" decoding=\"async\" class=\"wp-image-1217 alignnone size-full\" src=\"\/wp-content\/uploads\/2024\/05\/end-quote.png\" alt=\"\" width=\"25\" height=\"25\" \/><\/p>\n<p>[\/et_pb_testimonial][\/et_pb_column][\/et_pb_row][\/et_pb_section][et_pb_section fb_built=\u00a0\u00bb1&Prime; _builder_version=\u00a0\u00bb4.25.0&Prime; _module_preset=\u00a0\u00bbdefault\u00a0\u00bb custom_padding=\u00a0\u00bb40px||0px||false|false\u00a0\u00bb box_shadow_style=\u00a0\u00bbpreset6&Prime; box_shadow_vertical=\u00a0\u00bb20px\u00a0\u00bb box_shadow_color=\u00a0\u00bbrgba(53,53,53,0.06)\u00a0\u00bb locked=\u00a0\u00bboff\u00a0\u00bb global_colors_info=\u00a0\u00bb{}\u00a0\u00bb][et_pb_row _builder_version=\u00a0\u00bb4.22.2&Prime; _module_preset=\u00a0\u00bbdefault\u00a0\u00bb global_colors_info=\u00a0\u00bb{}\u00a0\u00bb][et_pb_column type=\u00a0\u00bb4_4&Prime; _builder_version=\u00a0\u00bb4.22.2&Prime; _module_preset=\u00a0\u00bbdefault\u00a0\u00bb global_colors_info=\u00a0\u00bb{}\u00a0\u00bb][et_pb_text _builder_version=\u00a0\u00bb4.25.1&Prime; _module_preset=\u00a0\u00bbdefault\u00a0\u00bb header_font=\u00a0\u00bb|300||on|||||\u00a0\u00bb header_font_size=\u00a0\u00bb36px\u00a0\u00bb header_2_font=\u00a0\u00bb|700|||||||\u00a0\u00bb global_colors_info=\u00a0\u00bb{}\u00a0\u00bb]<\/p>\n<h1 style=\"text-align: center;\">Partenaires d&rsquo;int\u00e9gration d&rsquo;OnTrackplus<\/h1>\n<p>[\/et_pb_text][\/et_pb_column][\/et_pb_row][et_pb_row _builder_version=\u00a0\u00bb4.25.0&Prime; _module_preset=\u00a0\u00bbdefault\u00a0\u00bb custom_padding=\u00a0\u00bb50px||50px||false|false\u00a0\u00bb global_colors_info=\u00a0\u00bb{}\u00a0\u00bb][et_pb_column type=\u00a0\u00bb4_4&Prime; _builder_version=\u00a0\u00bb4.25.0&Prime; _module_preset=\u00a0\u00bbdefault\u00a0\u00bb global_colors_info=\u00a0\u00bb{}\u00a0\u00bb][wdcl_image_carousel slide_count=\u00a0\u00bb5&Prime; _builder_version=\u00a0\u00bb4.27.6&Prime; _module_preset=\u00a0\u00bbdefault\u00a0\u00bb hover_enabled=\u00a0\u00bb0&Prime; global_colors_info=\u00a0\u00bb{}\u00a0\u00bb sticky_enabled=\u00a0\u00bb0&Prime;][wdcl_image_carousel_child admin_title=\u00a0\u00bbAmadeus\u00a0\u00bb photo=\u00a0\u00bbhttps:\/\/www.magnatech.com\/wp-content\/uploads\/2024\/05\/Magnatech-Travel-Technology-Partner-Amadeus.png\u00a0\u00bb _builder_version=\u00a0\u00bb4.27.4&Prime; _module_preset=\u00a0\u00bbdefault\u00a0\u00bb global_colors_info=\u00a0\u00bb{}\u00a0\u00bb][\/wdcl_image_carousel_child][wdcl_image_carousel_child admin_title=\u00a0\u00bbAtriis\u00a0\u00bb photo=\u00a0\u00bbhttps:\/\/www.magnatech.com\/wp-content\/uploads\/2024\/05\/Magnatech-Travel-Technology-Partner-Atriis.png\u00a0\u00bb _builder_version=\u00a0\u00bb4.27.4&Prime; _module_preset=\u00a0\u00bbdefault\u00a0\u00bb global_colors_info=\u00a0\u00bb{}\u00a0\u00bb][\/wdcl_image_carousel_child][wdcl_image_carousel_child admin_title=\u00a0\u00bbBooking Builder\u00a0\u00bb photo=\u00a0\u00bbhttps:\/\/www.magnatech.com\/wp-content\/uploads\/2024\/05\/Magnatech-Travel-Technology-Partner-Booking-Builder.png\u00a0\u00bb _builder_version=\u00a0\u00bb4.27.4&Prime; _module_preset=\u00a0\u00bbdefault\u00a0\u00bb global_colors_info=\u00a0\u00bb{}\u00a0\u00bb][\/wdcl_image_carousel_child][wdcl_image_carousel_child admin_title=\u00a0\u00bbCytric\u00a0\u00bb photo=\u00a0\u00bbhttps:\/\/www.magnatech.com\/wp-content\/uploads\/2024\/05\/Magnatech-Travel-Technology-Partner-Cytric.png\u00a0\u00bb _builder_version=\u00a0\u00bb4.27.4&Prime; _module_preset=\u00a0\u00bbdefault\u00a0\u00bb global_colors_info=\u00a0\u00bb{}\u00a0\u00bb][\/wdcl_image_carousel_child][wdcl_image_carousel_child admin_title=\u00a0\u00bbDeem\u00a0\u00bb photo=\u00a0\u00bbhttps:\/\/www.magnatech.com\/wp-content\/uploads\/2024\/05\/Magnatech-Travel-Technology-Partner-Deem.png\u00a0\u00bb _builder_version=\u00a0\u00bb4.27.4&Prime; _module_preset=\u00a0\u00bbdefault\u00a0\u00bb global_colors_info=\u00a0\u00bb{}\u00a0\u00bb][\/wdcl_image_carousel_child][wdcl_image_carousel_child admin_title=\u00a0\u00bbEmburse (prev Certify)\u00a0\u00bb photo=\u00a0\u00bbhttps:\/\/www.magnatech.com\/wp-content\/uploads\/2025\/08\/Magnatech-Travel-Technology-Partner-Certify-now-Emburse-Professional.png\u00a0\u00bb _builder_version=\u00a0\u00bb4.27.4&Prime; _module_preset=\u00a0\u00bbdefault\u00a0\u00bb global_colors_info=\u00a0\u00bb{}\u00a0\u00bb][\/wdcl_image_carousel_child][wdcl_image_carousel_child admin_title=\u00a0\u00bbFareNexus\u00a0\u00bb photo=\u00a0\u00bbhttps:\/\/www.magnatech.com\/wp-content\/uploads\/2024\/05\/Magnatech-Travel-Technology-Partner-Farenexus.png\u00a0\u00bb _builder_version=\u00a0\u00bb4.27.4&Prime; _module_preset=\u00a0\u00bbdefault\u00a0\u00bb global_colors_info=\u00a0\u00bb{}\u00a0\u00bb][\/wdcl_image_carousel_child][wdcl_image_carousel_child admin_title=\u00a0\u00bbGetThere\u00a0\u00bb photo=\u00a0\u00bbhttps:\/\/www.magnatech.com\/wp-content\/uploads\/2024\/05\/Magnatech-Travel-Technology-Partner-GetThere.png\u00a0\u00bb _builder_version=\u00a0\u00bb4.27.4&Prime; _module_preset=\u00a0\u00bbdefault\u00a0\u00bb global_colors_info=\u00a0\u00bb{}\u00a0\u00bb][\/wdcl_image_carousel_child][wdcl_image_carousel_child admin_title=\u00a0\u00bbGrasp\u00a0\u00bb photo=\u00a0\u00bbhttps:\/\/www.magnatech.com\/wp-content\/uploads\/2024\/05\/Magnatech-Travel-Technology-Partner-Grasp.png\u00a0\u00bb _builder_version=\u00a0\u00bb4.27.4&Prime; _module_preset=\u00a0\u00bbdefault\u00a0\u00bb global_colors_info=\u00a0\u00bb{}\u00a0\u00bb][\/wdcl_image_carousel_child][wdcl_image_carousel_child admin_title=\u00a0\u00bbKDS\/NEO\u00a0\u00bb photo=\u00a0\u00bbhttps:\/\/www.magnatech.com\/wp-content\/uploads\/2024\/05\/Magnatech-Travel-Technology-Partner-KDS_NEO.png\u00a0\u00bb _builder_version=\u00a0\u00bb4.27.4&Prime; _module_preset=\u00a0\u00bbdefault\u00a0\u00bb global_colors_info=\u00a0\u00bb{}\u00a0\u00bb][\/wdcl_image_carousel_child][wdcl_image_carousel_child admin_title=\u00a0\u00bbKudos\u00a0\u00bb photo=\u00a0\u00bbhttps:\/\/www.magnatech.com\/wp-content\/uploads\/2024\/05\/Magnatech-Travel-Technology-Partner-Kudos.png\u00a0\u00bb _builder_version=\u00a0\u00bb4.27.4&Prime; _module_preset=\u00a0\u00bbdefault\u00a0\u00bb global_colors_info=\u00a0\u00bb{}\u00a0\u00bb][\/wdcl_image_carousel_child][wdcl_image_carousel_child admin_title=\u00a0\u00bbLocomote\u00a0\u00bb photo=\u00a0\u00bbhttps:\/\/www.magnatech.com\/wp-content\/uploads\/2024\/05\/Magnatech-Travel-Technology-Partner-Locomote.png\u00a0\u00bb _builder_version=\u00a0\u00bb4.27.4&Prime; _module_preset=\u00a0\u00bbdefault\u00a0\u00bb global_colors_info=\u00a0\u00bb{}\u00a0\u00bb][\/wdcl_image_carousel_child][wdcl_image_carousel_child admin_title=\u00a0\u00bbSabre\u00a0\u00bb photo=\u00a0\u00bbhttps:\/\/www.magnatech.com\/wp-content\/uploads\/2026\/03\/Magnatech-Travel-Technology-Partner-Sabre-2026-new-brand.png\u00a0\u00bb _builder_version=\u00a0\u00bb4.27.6&Prime; _module_preset=\u00a0\u00bbdefault\u00a0\u00bb hover_enabled=\u00a0\u00bb0&Prime; global_colors_info=\u00a0\u00bb{}\u00a0\u00bb title_text=\u00a0\u00bbMagnatech Travel Technology Platinum Partner Sabre\u00a0\u00bb sticky_enabled=\u00a0\u00bb0&Prime;][\/wdcl_image_carousel_child][wdcl_image_carousel_child admin_title=\u00a0\u00bbSAP Concur\u00a0\u00bb photo=\u00a0\u00bbhttps:\/\/www.magnatech.com\/wp-content\/uploads\/2024\/05\/Magnatech-Travel-Technology-Partner-SAP-Concur-Travel.png\u00a0\u00bb _builder_version=\u00a0\u00bb4.27.4&Prime; _module_preset=\u00a0\u00bbdefault\u00a0\u00bb global_colors_info=\u00a0\u00bb{}\u00a0\u00bb][\/wdcl_image_carousel_child][wdcl_image_carousel_child admin_title=\u00a0\u00bbSerko\u00a0\u00bb photo=\u00a0\u00bbhttps:\/\/www.magnatech.com\/wp-content\/uploads\/2024\/05\/Magnatech-Travel-Technology-Partner-Serko.png\u00a0\u00bb _builder_version=\u00a0\u00bb4.27.4&Prime; _module_preset=\u00a0\u00bbdefault\u00a0\u00bb global_colors_info=\u00a0\u00bb{}\u00a0\u00bb][\/wdcl_image_carousel_child][wdcl_image_carousel_child admin_title=\u00a0\u00bbTravelport\u00a0\u00bb photo=\u00a0\u00bbhttps:\/\/www.magnatech.com\/wp-content\/uploads\/2024\/05\/Magnatech-Travel-Technology-Partner-Travelport.png\u00a0\u00bb _builder_version=\u00a0\u00bb4.27.4&Prime; _module_preset=\u00a0\u00bbdefault\u00a0\u00bb global_colors_info=\u00a0\u00bb{}\u00a0\u00bb][\/wdcl_image_carousel_child][wdcl_image_carousel_child admin_title=\u00a0\u00bbUmbrella\u00a0\u00bb photo=\u00a0\u00bbhttps:\/\/www.magnatech.com\/wp-content\/uploads\/2024\/05\/Magnatech-Travel-Technology-Partner-Umbrella.png\u00a0\u00bb _builder_version=\u00a0\u00bb4.27.4&Prime; _module_preset=\u00a0\u00bbdefault\u00a0\u00bb global_colors_info=\u00a0\u00bb{}\u00a0\u00bb][\/wdcl_image_carousel_child][\/wdcl_image_carousel][\/et_pb_column][\/et_pb_row][\/et_pb_section]<\/p>\n","protected":false},"excerpt":{"rendered":"<p>GESTION DES BILLETS NON UTILIS\u00c9SIl est estim\u00e9 que cinq pour cent de tous les billets d&rsquo;avion r\u00e9serv\u00e9s sont cens\u00e9s rester inutilis\u00e9s. Lorsqu&rsquo;une agence de gestion des voyages (TMC) offre ses services \u00e0 des clients corporatifs, on lui demande g\u00e9n\u00e9ralement de fournir une documentation sur les proc\u00e9dures qu&rsquo;elle met en place pour g\u00e9rer le suivi des [&hellip;]<\/p>\n","protected":false},"author":7,"featured_media":0,"parent":0,"menu_order":0,"comment_status":"closed","ping_status":"closed","template":"","meta":{"_et_pb_use_builder":"on","_et_pb_old_content":"","_et_gb_content_width":"","footnotes":""},"class_list":["post-1825","page","type-page","status-publish","hentry"],"_links":{"self":[{"href":"https:\/\/www.magnatech.com\/fr\/wp-json\/wp\/v2\/pages\/1825","targetHints":{"allow":["GET"]}}],"collection":[{"href":"https:\/\/www.magnatech.com\/fr\/wp-json\/wp\/v2\/pages"}],"about":[{"href":"https:\/\/www.magnatech.com\/fr\/wp-json\/wp\/v2\/types\/page"}],"author":[{"embeddable":true,"href":"https:\/\/www.magnatech.com\/fr\/wp-json\/wp\/v2\/users\/7"}],"replies":[{"embeddable":true,"href":"https:\/\/www.magnatech.com\/fr\/wp-json\/wp\/v2\/comments?post=1825"}],"version-history":[{"count":40,"href":"https:\/\/www.magnatech.com\/fr\/wp-json\/wp\/v2\/pages\/1825\/revisions"}],"predecessor-version":[{"id":4378,"href":"https:\/\/www.magnatech.com\/fr\/wp-json\/wp\/v2\/pages\/1825\/revisions\/4378"}],"wp:attachment":[{"href":"https:\/\/www.magnatech.com\/fr\/wp-json\/wp\/v2\/media?parent=1825"}],"curies":[{"name":"wp","href":"https:\/\/api.w.org\/{rel}","templated":true}]}}