{"id":1828,"date":"2024-04-23T14:14:00","date_gmt":"2024-04-23T14:14:00","guid":{"rendered":"https:\/\/staging.magnatech.com\/notre-histoire\/"},"modified":"2026-03-30T06:59:20","modified_gmt":"2026-03-30T06:59:20","slug":"notre-histoire","status":"publish","type":"page","link":"https:\/\/www.magnatech.com\/fr\/notre-histoire\/","title":{"rendered":"Notre Histoire"},"content":{"rendered":"<p>[et_pb_section fb_built=\u00a0\u00bb1&Prime; _builder_version=\u00a0\u00bb4.25.1&Prime; _module_preset=\u00a0\u00bbdefault\u00a0\u00bb background_image=\u00a0\u00bbhttps:\/\/www.magnatech.com\/wp-content\/uploads\/2024\/07\/Magnatech-Travel-Technology-golden-globe.jpg\u00a0\u00bb height=\u00a0\u00bb500px\u00a0\u00bb height_tablet=\u00a0\u00bb500px\u00a0\u00bb height_phone=\u00a0\u00bb200px\u00a0\u00bb height_last_edited=\u00a0\u00bbon|phone\u00a0\u00bb background_last_edited=\u00a0\u00bbon|phone\u00a0\u00bb background_image_phone=\u00a0\u00bbhttps:\/\/www.magnatech.com\/wp-content\/uploads\/2024\/06\/Magnatech-Travel-Technology-golden-globe.png\u00a0\u00bb background_enable_image_phone=\u00a0\u00bbon\u00a0\u00bb global_colors_info=\u00a0\u00bb{}\u00a0\u00bb][\/et_pb_section][et_pb_section fb_built=\u00a0\u00bb1&Prime; _builder_version=\u00a0\u00bb4.25.0&Prime; _module_preset=\u00a0\u00bbdefault\u00a0\u00bb custom_padding=\u00a0\u00bb||0px||false|false\u00a0\u00bb box_shadow_style=\u00a0\u00bbpreset6&Prime; box_shadow_vertical=\u00a0\u00bb20px\u00a0\u00bb box_shadow_color=\u00a0\u00bbrgba(53,53,53,0.06)\u00a0\u00bb locked=\u00a0\u00bboff\u00a0\u00bb global_colors_info=\u00a0\u00bb{}\u00a0\u00bb][et_pb_row _builder_version=\u00a0\u00bb4.22.2&Prime; _module_preset=\u00a0\u00bbdefault\u00a0\u00bb global_colors_info=\u00a0\u00bb{}\u00a0\u00bb][et_pb_column type=\u00a0\u00bb4_4&Prime; _builder_version=\u00a0\u00bb4.22.2&Prime; _module_preset=\u00a0\u00bbdefault\u00a0\u00bb global_colors_info=\u00a0\u00bb{}\u00a0\u00bb][et_pb_text _builder_version=\u00a0\u00bb4.22.2&Prime; _module_preset=\u00a0\u00bbdefault\u00a0\u00bb header_font=\u00a0\u00bb|300|||||||\u00a0\u00bb header_font_size=\u00a0\u00bb36px\u00a0\u00bb header_2_font=\u00a0\u00bb|700|||||||\u00a0\u00bb global_colors_info=\u00a0\u00bb{}\u00a0\u00bb]<\/p>\n<h1 style=\"text-align: center;\">NOTRE HISTOIRE<\/h1>\n<p>[\/et_pb_text][\/et_pb_column][\/et_pb_row][\/et_pb_section][et_pb_section fb_built=\u00a0\u00bb1&Prime; _builder_version=\u00a0\u00bb4.22.2&Prime; _module_preset=\u00a0\u00bbdefault\u00a0\u00bb custom_padding=\u00a0\u00bb9px|||||\u00a0\u00bb global_colors_info=\u00a0\u00bb{}\u00a0\u00bb][et_pb_row column_structure=\u00a0\u00bb1_2,1_2&Prime; make_equal=\u00a0\u00bbon\u00a0\u00bb _builder_version=\u00a0\u00bb4.22.2&Prime; _module_preset=\u00a0\u00bbdefault\u00a0\u00bb custom_margin=\u00a0\u00bb||25px||false|false\u00a0\u00bb custom_margin_tablet=\u00a0\u00bb||25px||false|false\u00a0\u00bb custom_margin_phone=\u00a0\u00bb||25px||false|false\u00a0\u00bb custom_margin_last_edited=\u00a0\u00bbon|desktop\u00a0\u00bb global_colors_info=\u00a0\u00bb{}\u00a0\u00bb][et_pb_column type=\u00a0\u00bb1_2&Prime; _builder_version=\u00a0\u00bb4.22.2&Prime; _module_preset=\u00a0\u00bbdefault\u00a0\u00bb global_colors_info=\u00a0\u00bb{}\u00a0\u00bb][et_pb_image src=\u00a0\u00bbhttp:\/\/magnatech.com\/wp-content\/uploads\/2024\/05\/Magnatech-Vignette-Fax-machine.png\u00a0\u00bb title_text=\u00a0\u00bbMagnatech Vignette Fax machine\u00a0\u00bb force_fullwidth=\u00a0\u00bbon\u00a0\u00bb _builder_version=\u00a0\u00bb4.25.1&Prime; _module_preset=\u00a0\u00bbdefault\u00a0\u00bb custom_padding=\u00a0\u00bb||1px|||\u00a0\u00bb border_radii=\u00a0\u00bbon|15px|15px|15px|15px\u00a0\u00bb box_shadow_style=\u00a0\u00bbpreset1&Prime; locked=\u00a0\u00bboff\u00a0\u00bb global_colors_info=\u00a0\u00bb{}\u00a0\u00bb][\/et_pb_image][\/et_pb_column][et_pb_column type=\u00a0\u00bb1_2&Prime; _builder_version=\u00a0\u00bb4.22.2&Prime; _module_preset=\u00a0\u00bbdefault\u00a0\u00bb global_colors_info=\u00a0\u00bb{}\u00a0\u00bb][et_pb_text _builder_version=\u00a0\u00bb4.22.2&Prime; _module_preset=\u00a0\u00bbdefault\u00a0\u00bb text_font=\u00a0\u00bbProximaNova-Light|300|||||||\u00a0\u00bb header_2_font=\u00a0\u00bb|700|||||||\u00a0\u00bb text_orientation=\u00a0\u00bbcenter\u00a0\u00bb global_colors_info=\u00a0\u00bb{}\u00a0\u00bb]<\/p>\n<h2 style=\"text-align: center;\">NOTRE HISTOIRE<\/h2>\n<p><\/p>\n<p>Fond\u00e9e en 1990 avec des bureaux corporatifs \u00e0 Montr\u00e9al, Canada, Magnatech\u00ae a commenc\u00e9 en tant que logiciel de conversion de fax en e-mail, pour rapidement se sp\u00e9cialiser dans les services de livraison de documents, notamment les itin\u00e9raires de voyage et les factures. Depuis ces d\u00e9buts, o\u00f9 l\u2019\u00e9coute et l\u2019adaptation aux besoins des clients \u00e9taient primordiales, Magnatech collabore \u00e9troitement avec ses clients des agences de voyages et des soci\u00e9t\u00e9s de gestion de voyages pour d\u00e9velopper d\u2019autres technologies de voyage essentielles.  <\/p>\n<p><\/p>\n<p>Aujourd\u2019hui, Magnatech est reconnue comme un leader mondial dans le d\u00e9veloppement et la fourniture d\u2019outils d\u2019automatisation de la gestion interm\u00e9diaire, de devoir de diligence, de gestion des billets non utilis\u00e9s et de logiciels d\u2019itin\u00e9raires qui aident les entreprises de voyages d\u2019affaires \u00e0 g\u00e9rer, suivre, localiser, valider et livrer des informations.<\/p>\n<p><\/p>\n<p>Au cours de la derni\u00e8re d\u00e9cennie, nous avons \u00e9tabli une r\u00e9putation enviable, tant au niveau national qu&rsquo;international, gr\u00e2ce \u00e0 nos solutions novatrices bas\u00e9es sur le web con\u00e7ues pour am\u00e9liorer l&rsquo;exp\u00e9rience de voyage des voyageurs d&rsquo;affaires.<\/p>\n<p>[\/et_pb_text][et_pb_button button_url=\u00a0\u00bbhttps:\/\/www.magnatech.com\/fr\/rencontrez-notre-equipe\/\u00a0\u00bb button_text=\u00a0\u00bbNOTRE \u00c9QUIPE\u00a0\u00bb button_alignment=\u00a0\u00bbcenter\u00a0\u00bb _builder_version=\u00a0\u00bb4.25.0&Prime; _module_preset=\u00a0\u00bbdefault\u00a0\u00bb box_shadow_style=\u00a0\u00bbpreset3&Prime; global_colors_info=\u00a0\u00bb{}\u00a0\u00bb][\/et_pb_button][\/et_pb_column][\/et_pb_row][et_pb_row column_structure=\u00a0\u00bb1_2,1_2&Prime; make_equal=\u00a0\u00bbon\u00a0\u00bb module_class=\u00a0\u00bbreverse\u00a0\u00bb _builder_version=\u00a0\u00bb4.22.2&Prime; _module_preset=\u00a0\u00bbdefault\u00a0\u00bb custom_margin=\u00a0\u00bb25px||||false|false\u00a0\u00bb custom_margin_tablet=\u00a0\u00bb25px||||false|false\u00a0\u00bb custom_margin_phone=\u00a0\u00bb25px||||false|false\u00a0\u00bb custom_margin_last_edited=\u00a0\u00bbon|desktop\u00a0\u00bb global_colors_info=\u00a0\u00bb{}\u00a0\u00bb][et_pb_column type=\u00a0\u00bb1_2&Prime; _builder_version=\u00a0\u00bb4.22.2&Prime; _module_preset=\u00a0\u00bbdefault\u00a0\u00bb global_colors_info=\u00a0\u00bb{}\u00a0\u00bb][et_pb_text _builder_version=\u00a0\u00bb4.22.2&Prime; _module_preset=\u00a0\u00bbdefault\u00a0\u00bb text_font=\u00a0\u00bbProximaNova-Light|300|||||||\u00a0\u00bb header_2_font=\u00a0\u00bb|700|||||||\u00a0\u00bb text_orientation=\u00a0\u00bbcenter\u00a0\u00bb custom_padding_tablet=\u00a0\u00bb\u00a0\u00bb custom_padding_phone=\u00a0\u00bb30px||||false|false\u00a0\u00bb custom_padding_last_edited=\u00a0\u00bbon|phone\u00a0\u00bb global_colors_info=\u00a0\u00bb{}\u00a0\u00bb]<\/p>\n<h2 style=\"text-align: center;\">NOTRE MISSION<\/h2>\n<p><\/p>\n<p>Chez Magnatech, nous avons h\u00e2te de continuer \u00e0 \u00eatre des contributeurs cl\u00e9s aux avanc\u00e9es technologiques qui simplifieront la gestion des voyages d\u2019affaires et am\u00e9lioreront l\u2019exp\u00e9rience client. Nous avons acquis une expertise approfondie dans la fourniture de solutions logicielles de gestion des voyages qui r\u00e9pondent aux besoins des voyageurs d\u2019affaires et r\u00e9solvent les inefficacit\u00e9s li\u00e9es aux solutions de diligence raisonnable et de livraison de documents. <\/p>\n<p><\/p>\n<p>Notre objectif, aujourd&rsquo;hui et pour l&rsquo;avenir, est de fournir constamment le logiciel de gestion des voyages de la plus haute qualit\u00e9 et le plus fiable.<\/p>\n<p>[\/et_pb_text][et_pb_blurb title=\u00a0\u00bbUne expertise \u00e9prouv\u00e9e sur laquelle vous pouvez compter.\u00a0\u00bb use_icon=\u00a0\u00bbon\u00a0\u00bb font_icon=\u00a0\u00bb&#xf058;||fa||900&Prime; icon_placement=\u00a0\u00bbleft\u00a0\u00bb image_icon_width=\u00a0\u00bb25px\u00a0\u00bb _builder_version=\u00a0\u00bb4.22.2&Prime; _module_preset=\u00a0\u00bbdefault\u00a0\u00bb header_text_align=\u00a0\u00bbleft\u00a0\u00bb image_icon_custom_margin=\u00a0\u00bb||||false|false\u00a0\u00bb image_icon_custom_padding=\u00a0\u00bb||||false|false\u00a0\u00bb custom_margin=\u00a0\u00bb|||5%|false|false\u00a0\u00bb custom_css_blurb_title=\u00a0\u00bbmargin-top:2px;\u00a0\u00bb global_colors_info=\u00a0\u00bb{}\u00a0\u00bb][\/et_pb_blurb][et_pb_blurb title=\u00a0\u00bb\u00c9valuation compl\u00e8te de vos besoins sp\u00e9cifiques.\u00a0\u00bb use_icon=\u00a0\u00bbon\u00a0\u00bb font_icon=\u00a0\u00bb&#xf058;||fa||900&Prime; icon_placement=\u00a0\u00bbleft\u00a0\u00bb image_icon_width=\u00a0\u00bb25px\u00a0\u00bb _builder_version=\u00a0\u00bb4.22.2&Prime; _module_preset=\u00a0\u00bbdefault\u00a0\u00bb header_text_align=\u00a0\u00bbleft\u00a0\u00bb image_icon_custom_margin=\u00a0\u00bb||||false|false\u00a0\u00bb image_icon_custom_padding=\u00a0\u00bb||||false|false\u00a0\u00bb custom_margin=\u00a0\u00bb-20px|||5%|false|false\u00a0\u00bb custom_css_blurb_title=\u00a0\u00bbmargin-top:2px;\u00a0\u00bb global_colors_info=\u00a0\u00bb{}\u00a0\u00bb][\/et_pb_blurb][et_pb_blurb title=\u00a0\u00bbApproche collaborative pour une mise en \u0153uvre sans stress.\u00a0\u00bb use_icon=\u00a0\u00bbon\u00a0\u00bb font_icon=\u00a0\u00bb&#xf058;||fa||900&Prime; icon_placement=\u00a0\u00bbleft\u00a0\u00bb image_icon_width=\u00a0\u00bb25px\u00a0\u00bb _builder_version=\u00a0\u00bb4.22.2&Prime; _module_preset=\u00a0\u00bbdefault\u00a0\u00bb header_text_align=\u00a0\u00bbleft\u00a0\u00bb image_icon_custom_margin=\u00a0\u00bb||||false|false\u00a0\u00bb image_icon_custom_padding=\u00a0\u00bb||||false|false\u00a0\u00bb custom_margin=\u00a0\u00bb-20px|||5%|false|false\u00a0\u00bb custom_css_blurb_title=\u00a0\u00bbmargin-top:2px;\u00a0\u00bb global_colors_info=\u00a0\u00bb{}\u00a0\u00bb][\/et_pb_blurb][et_pb_blurb title=\u00a0\u00bbAssistance technique rapide et efficace.\u00a0\u00bb use_icon=\u00a0\u00bbon\u00a0\u00bb font_icon=\u00a0\u00bb&#xf058;||fa||900&Prime; icon_placement=\u00a0\u00bbleft\u00a0\u00bb image_icon_width=\u00a0\u00bb25px\u00a0\u00bb _builder_version=\u00a0\u00bb4.22.2&Prime; _module_preset=\u00a0\u00bbdefault\u00a0\u00bb header_text_align=\u00a0\u00bbleft\u00a0\u00bb image_icon_custom_margin=\u00a0\u00bb||||false|false\u00a0\u00bb image_icon_custom_padding=\u00a0\u00bb||||false|false\u00a0\u00bb custom_margin=\u00a0\u00bb-20px|||5%|false|false\u00a0\u00bb custom_css_blurb_title=\u00a0\u00bbmargin-top:2px;\u00a0\u00bb global_colors_info=\u00a0\u00bb{}\u00a0\u00bb][\/et_pb_blurb][\/et_pb_column][et_pb_column type=\u00a0\u00bb1_2&Prime; _builder_version=\u00a0\u00bb4.22.2&Prime; _module_preset=\u00a0\u00bbdefault\u00a0\u00bb global_colors_info=\u00a0\u00bb{}\u00a0\u00bb][et_pb_image src=\u00a0\u00bbhttp:\/\/magnatech.com\/wp-content\/uploads\/2024\/05\/Magnatech-Travel-Agent-at-work.png\u00a0\u00bb title_text=\u00a0\u00bbMagnatech &#8211; Travel Agent at work\u00a0\u00bb force_fullwidth=\u00a0\u00bbon\u00a0\u00bb _builder_version=\u00a0\u00bb4.25.0&Prime; _module_preset=\u00a0\u00bbdefault\u00a0\u00bb border_radii=\u00a0\u00bbon|15px|15px|15px|15px\u00a0\u00bb box_shadow_style=\u00a0\u00bbpreset1&Prime; global_colors_info=\u00a0\u00bb{}\u00a0\u00bb][\/et_pb_image][\/et_pb_column][\/et_pb_row][\/et_pb_section][et_pb_section fb_built=\u00a0\u00bb1&Prime; module_id=\u00a0\u00bbWTS\u00a0\u00bb _builder_version=\u00a0\u00bb4.27.6&Prime; _module_preset=\u00a0\u00bbdefault\u00a0\u00bb custom_padding=\u00a0\u00bb32px||6px|||\u00a0\u00bb global_colors_info=\u00a0\u00bb{}\u00a0\u00bb][et_pb_row _builder_version=\u00a0\u00bb4.22.2&Prime; _module_preset=\u00a0\u00bbdefault\u00a0\u00bb custom_padding=\u00a0\u00bb||14px|||\u00a0\u00bb locked=\u00a0\u00bboff\u00a0\u00bb global_colors_info=\u00a0\u00bb{}\u00a0\u00bb][et_pb_column type=\u00a0\u00bb4_4&Prime; _builder_version=\u00a0\u00bb4.22.2&Prime; _module_preset=\u00a0\u00bbdefault\u00a0\u00bb global_colors_info=\u00a0\u00bb{}\u00a0\u00bb][et_pb_text _builder_version=\u00a0\u00bb4.25.0&Prime; _module_preset=\u00a0\u00bbdefault\u00a0\u00bb text_font=\u00a0\u00bb|300|||||||\u00a0\u00bb header_2_font=\u00a0\u00bb|300||on|||||\u00a0\u00bb header_2_font_size=\u00a0\u00bb32px\u00a0\u00bb custom_margin=\u00a0\u00bb||-50px||false|false\u00a0\u00bb locked=\u00a0\u00bboff\u00a0\u00bb global_colors_info=\u00a0\u00bb{}\u00a0\u00bb]<\/p>\n<h2 style=\"text-align: center; margin-bottom: 35px;\">CE QUE NOS CLIENTS DISENT<\/h2>\n<p>[\/et_pb_text][\/et_pb_column][\/et_pb_row][\/et_pb_section][et_pb_section fb_built=\u00a0\u00bb1&Prime; _builder_version=\u00a0\u00bb4.27.5&Prime; _module_preset=\u00a0\u00bbdefault\u00a0\u00bb background_image=\u00a0\u00bbhttps:\/\/www.magnatech.com\/wp-content\/uploads\/2026\/03\/March-2026-Magnatech-Client-Feedback-Background.png\u00a0\u00bb background_position=\u00a0\u00bbbottom_center\u00a0\u00bb background_blend=\u00a0\u00bbluminosity\u00a0\u00bb min_height=\u00a0\u00bb562px\u00a0\u00bb custom_padding=\u00a0\u00bb33px||20px|||\u00a0\u00bb locked=\u00a0\u00bboff\u00a0\u00bb global_colors_info=\u00a0\u00bb{%22gcid-dae0cf0f-bdf4-49d9-828b-078d8488e2b8%22:%91%22background_color_gradient_stops%22,%22background_pattern_color%22,%22background_color_gradient_stops%22,%22background_pattern_color%22%93,%22gcid-60007c9b-aa45-4000-847d-964582a23eb9%22:%91%22background_color_gradient_stops%22,%22background_color_gradient_stops%22%93}\u00a0\u00bb][et_pb_row custom_padding_last_edited=\u00a0\u00bboff|phone\u00a0\u00bb _builder_version=\u00a0\u00bb4.25.1&Prime; _module_preset=\u00a0\u00bbdefault\u00a0\u00bb background_color=\u00a0\u00bbRGBA(255,255,255,0)\u00a0\u00bb custom_margin=\u00a0\u00bb||||false|false\u00a0\u00bb custom_margin_tablet=\u00a0\u00bb||||false|false\u00a0\u00bb custom_margin_phone=\u00a0\u00bb||||false|false\u00a0\u00bb custom_margin_last_edited=\u00a0\u00bbon|phone\u00a0\u00bb custom_padding_phone=\u00a0\u00bb|0px||0px|false|true\u00a0\u00bb global_colors_info=\u00a0\u00bb{}\u00a0\u00bb][et_pb_column type=\u00a0\u00bb4_4&Prime; _builder_version=\u00a0\u00bb4.25.0&Prime; _module_preset=\u00a0\u00bbdefault\u00a0\u00bb global_colors_info=\u00a0\u00bb{}\u00a0\u00bb][et_pb_testimonial author=\u00a0\u00bb- Holli Gribble\u00a0\u00bb job_title=\u00a0\u00bbDirectrice principale\u00a0\u00bb company_name=\u00a0\u00bbWorld Travel Service, une entreprise du groupe BCD Travel\u00a0\u00bb quote_icon=\u00a0\u00bboff\u00a0\u00bb quote_icon_color=\u00a0\u00bbgcid-secondary-color\u00a0\u00bb use_icon_font_size=\u00a0\u00bbon\u00a0\u00bb icon_font_size=\u00a0\u00bb60px\u00a0\u00bb _builder_version=\u00a0\u00bb4.27.6&Prime; _module_preset=\u00a0\u00bbdefault\u00a0\u00bb author_font=\u00a0\u00bbProximaNova-Regular|800|||||||\u00a0\u00bb author_text_color=\u00a0\u00bbgcid-primary-color\u00a0\u00bb background_color=\u00a0\u00bb#FFFFFF\u00a0\u00bb max_width=\u00a0\u00bb68%\u00a0\u00bb max_width_tablet=\u00a0\u00bb68%\u00a0\u00bb max_width_phone=\u00a0\u00bb100%\u00a0\u00bb max_width_last_edited=\u00a0\u00bbon|phone\u00a0\u00bb module_alignment=\u00a0\u00bbcenter\u00a0\u00bb custom_margin=\u00a0\u00bb|70px||70px|false|false\u00a0\u00bb custom_margin_tablet=\u00a0\u00bb|70px||70px|false|false\u00a0\u00bb custom_margin_phone=\u00a0\u00bb|0px||0px|false|true\u00a0\u00bb custom_margin_last_edited=\u00a0\u00bbon|phone\u00a0\u00bb custom_padding=\u00a0\u00bb30px|20px|25px|15px|false|false\u00a0\u00bb custom_padding_tablet=\u00a0\u00bb|20px|25px|15px|false|false\u00a0\u00bb custom_padding_phone=\u00a0\u00bb|20px|25px||false|false\u00a0\u00bb custom_padding_last_edited=\u00a0\u00bbon|phone\u00a0\u00bb animation_style=\u00a0\u00bbflip\u00a0\u00bb hover_enabled=\u00a0\u00bb0&Prime; border_radii=\u00a0\u00bbon|15px|15px|15px|15px\u00a0\u00bb border_color_all=\u00a0\u00bbgcid-60007c9b-aa45-4000-847d-964582a23eb9&Prime; box_shadow_style=\u00a0\u00bbpreset2&Prime; global_colors_info=\u00a0\u00bb{%22gcid-secondary-color%22:%91%22quote_icon_color%22,%22quote_icon_color%22,%22quote_icon_color%22,%22quote_icon_color%22%93,%22gcid-primary-color%22:%91%22author_text_color%22,%22author_text_color%22,%22author_text_color%22,%22author_text_color%22%93,%22gcid-60007c9b-aa45-4000-847d-964582a23eb9%22:%91%22border_color_all%22,%22border_color_all%22,%22border_color_all%22,%22border_color_all%22%93}\u00a0\u00bb sticky_enabled=\u00a0\u00bb0&Prime;]<\/p>\n<p style=\"text-align: center;\"><span style=\"color: #cb2026;\"><strong><img loading=\"lazy\" decoding=\"async\" class=\"wp-image-1224 alignnone size-medium\" src=\"\/wp-content\/uploads\/2024\/05\/Magnatech-client-Group-World-Travel-300x113.png\" alt=\"\" width=\"162\" height=\"61\" \/><br \/><img loading=\"lazy\" decoding=\"async\" class=\"wp-image-1218 alignnone size-full\" src=\"\/wp-content\/uploads\/2024\/05\/open-quote.png\" alt=\"\" width=\"30\" height=\"30\" \/> <\/strong><\/span>Depuis 21 ans que je travaille pour World Travel Service, Magnatech est l\u2019un de nos meilleurs partenaires. Quelle que soit la demande, l\u2019\u00e9quipe de Magnatech est toujours prompte \u00e0 r\u00e9pondre et \u00e0 trouver une solution \u00e0 mon probl\u00e8me, quelle qu\u2019en soit l\u2019ampleur. L\u2019\u00e9quipe est toujours bien inform\u00e9e, sans me faire sentir inad\u00e9quat si je ne suis pas l\u2019expert en la mati\u00e8re. L\u2019\u00e9quipe de Magnatech fait un excellent travail de communication sur les changements \u00e0 venir concernant les nouveaux produits, les modifications apport\u00e9es aux produits existants et le partage de la feuille de route pour les am\u00e9liorations futures. Si tous mes fournisseurs travaillaient de la m\u00eame mani\u00e8re que Magnatech, mon r\u00f4le quotidien serait beaucoup plus simple et moins stressant !\u00a0<img loading=\"lazy\" decoding=\"async\" class=\"wp-image-1217 alignnone size-full\" src=\"\/wp-content\/uploads\/2024\/05\/end-quote.png\" alt=\"\" width=\"25\" height=\"25\" \/><\/p>\n<p>[\/et_pb_testimonial][\/et_pb_column][\/et_pb_row][\/et_pb_section]<\/p>\n","protected":false},"excerpt":{"rendered":"<p>NOTRE HISTOIRENOTRE HISTOIREFond\u00e9e en 1990 avec des bureaux corporatifs \u00e0 Montr\u00e9al, Canada, Magnatech\u00ae a commenc\u00e9 en tant que logiciel de conversion de fax en e-mail, pour rapidement se sp\u00e9cialiser dans les services de livraison de documents, notamment les itin\u00e9raires de voyage et les factures. Depuis ces d\u00e9buts, o\u00f9 l\u2019\u00e9coute et l\u2019adaptation aux besoins des clients [&hellip;]<\/p>\n","protected":false},"author":7,"featured_media":0,"parent":0,"menu_order":0,"comment_status":"closed","ping_status":"closed","template":"","meta":{"_et_pb_use_builder":"on","_et_pb_old_content":"","_et_gb_content_width":"","footnotes":""},"class_list":["post-1828","page","type-page","status-publish","hentry"],"_links":{"self":[{"href":"https:\/\/www.magnatech.com\/fr\/wp-json\/wp\/v2\/pages\/1828","targetHints":{"allow":["GET"]}}],"collection":[{"href":"https:\/\/www.magnatech.com\/fr\/wp-json\/wp\/v2\/pages"}],"about":[{"href":"https:\/\/www.magnatech.com\/fr\/wp-json\/wp\/v2\/types\/page"}],"author":[{"embeddable":true,"href":"https:\/\/www.magnatech.com\/fr\/wp-json\/wp\/v2\/users\/7"}],"replies":[{"embeddable":true,"href":"https:\/\/www.magnatech.com\/fr\/wp-json\/wp\/v2\/comments?post=1828"}],"version-history":[{"count":17,"href":"https:\/\/www.magnatech.com\/fr\/wp-json\/wp\/v2\/pages\/1828\/revisions"}],"predecessor-version":[{"id":4382,"href":"https:\/\/www.magnatech.com\/fr\/wp-json\/wp\/v2\/pages\/1828\/revisions\/4382"}],"wp:attachment":[{"href":"https:\/\/www.magnatech.com\/fr\/wp-json\/wp\/v2\/media?parent=1828"}],"curies":[{"name":"wp","href":"https:\/\/api.w.org\/{rel}","templated":true}]}}