{"id":1875,"date":"2024-05-15T15:45:30","date_gmt":"2024-05-15T15:45:30","guid":{"rendered":"https:\/\/staging.magnatech.com\/politique-de-confidentialite\/"},"modified":"2024-05-28T01:39:48","modified_gmt":"2024-05-28T01:39:48","slug":"politique-de-confidentialite","status":"publish","type":"page","link":"https:\/\/www.magnatech.com\/fr\/politique-de-confidentialite\/","title":{"rendered":"POLITIQUE DE CONFIDENTIALIT\u00c9"},"content":{"rendered":"<p>[et_pb_section fb_built=\u00a0\u00bb1&Prime; _builder_version=\u00a0\u00bb4.25.0&Prime; _module_preset=\u00a0\u00bbdefault\u00a0\u00bb global_colors_info=\u00a0\u00bb{}\u00a0\u00bb][et_pb_row _builder_version=\u00a0\u00bb4.25.0&Prime; _module_preset=\u00a0\u00bbdefault\u00a0\u00bb global_colors_info=\u00a0\u00bb{}\u00a0\u00bb][et_pb_column type=\u00a0\u00bb4_4&Prime; _builder_version=\u00a0\u00bb4.25.0&Prime; _module_preset=\u00a0\u00bbdefault\u00a0\u00bb global_colors_info=\u00a0\u00bb{}\u00a0\u00bb][et_pb_text _builder_version=\u00a0\u00bb4.25.1&Prime; _module_preset=\u00a0\u00bbdefault\u00a0\u00bb hover_enabled=\u00a0\u00bb0&Prime; global_colors_info=\u00a0\u00bb{}\u00a0\u00bb sticky_enabled=\u00a0\u00bb0&Prime; header_font=\u00a0\u00bb|300|||||||\u00a0\u00bb header_font_size=\u00a0\u00bb36px\u00a0\u00bb]<\/p>\n<h1 style=\"text-align: center;\">POLITIQUE DE CONFIDENTIALIT\u00c9<\/h1>\n<p>[\/et_pb_text][et_pb_accordion _builder_version=\u00a0\u00bb4.25.1&Prime; _module_preset=\u00a0\u00bbdefault\u00a0\u00bb global_colors_info=\u00a0\u00bb{}\u00a0\u00bb][et_pb_accordion_item title=\u00a0\u00bbBUT ET PORT\u00c9E\u00a0\u00bb open=\u00a0\u00bbon\u00a0\u00bb _builder_version=\u00a0\u00bb4.25.1&Prime; _module_preset=\u00a0\u00bbdefault\u00a0\u00bb global_colors_info=\u00a0\u00bb{}\u00a0\u00bb toggle_font_size=\u00a0\u00bb25px\u00a0\u00bb]<\/p>\n<p>Cette politique de confidentialit\u00e9 constitue un accord l\u00e9galement contraignant conclu entre vous, que vous agissiez en votre nom personnel ou au nom d\u2019une entit\u00e9 quelconque (\u201cvous\u201d), et Magnatech<sup><strong>\u00ae<\/strong><\/sup> Travel Management Solutions Inc. (\u2018Magnatech<strong><sup>\u00ae<\/sup><\/strong>\u2019, \u2018nous\u2019, \u2018notre\u2019 ou \u2018nos\u2019), concernant votre acc\u00e8s et votre utilisation de notre site web accessible \u00e0 l\u2019adresse <a href=\"http:\/\/www.magnatech.com\">https:\/\/www.magnatech.com<\/a> (le \u2018site web\u2019). Vous acceptez qu\u2019en acc\u00e9dant au sit web, vous avez lu, compris et accept\u00e9 d\u2019\u00eatre li\u00e9 par l\u2019ensemble de ces conditions d\u2019utilisation. SI VOUS N\u2019ACCEPTEZ PAS L\u2019ENSEMBLE DE LA POLITIQUE DE CONFIDENTIALIT\u00c9, VOUS \u00caTES EXPRESS\u00c9MENT INTERDIT D\u2019UTILISER LE SITE WEB ET VOUS DEVEZ CESSER IMM\u00c9DIATEMENT L\u2019UTILISATION. <\/p>\n<p>Cette politique de confidentialit\u00e9 s\u2019applique \u00e0 Magnatech et \u00e9nonce notre politique concernant la collecte et l\u2019utilisation des informations sur ce site web et nos autres sites (collectivement d\u00e9sign\u00e9s \u201csites\u201d). Magnatech s\u2019engage \u00e0 fournir des sites web s\u00e9curis\u00e9s pour les visiteurs de tous \u00e2ges et a mis en place cette politique de confidentialit\u00e9 pour t\u00e9moigner de notre engagement ferme envers votre vie priv\u00e9e. Magnatech se conforme aux lois et r\u00e8glements f\u00e9d\u00e9raux et provinciaux canadiens en mati\u00e8re de confidentialit\u00e9, y compris la Loi sur la protection des renseignements personnels et les documents \u00e9lectroniques.  <\/p>\n<p>[\/et_pb_accordion_item][et_pb_accordion_item title=\u00a0\u00bbDONN\u00c9ES DE JOURNAL\u00a0\u00bb _builder_version=\u00a0\u00bb4.25.1&Prime; _module_preset=\u00a0\u00bbdefault\u00a0\u00bb global_colors_info=\u00a0\u00bb{}\u00a0\u00bb toggle_font_size=\u00a0\u00bb25px\u00a0\u00bb open=\u00a0\u00bboff\u00a0\u00bb]<\/p>\n<p>Nous voulons vous informer que chaque fois que vous utilisez notre site web, en cas d\u2019erreur dans l\u2019application, nous collectons des donn\u00e9es et des informations (par le biais de produits tiers) appel\u00e9es donn\u00e9es de journal. Ces donn\u00e9es de journal peuvent inclure des informations telles que votre adresse de protocole Internet (\u201cIP\u201d) de l\u2019appareil, le nom de l\u2019appareil, la version du syst\u00e8me d\u2019exploitation, la configuration de l\u2019application lors de l\u2019utilisation de notre site web, l\u2019heure et la date de votre utilisation du site web, et d\u2019autres statistiques. <\/p>\n<p>[\/et_pb_accordion_item][et_pb_accordion_item title=\u00a0\u00bbCOOKIES\u00a0\u00bb _builder_version=\u00a0\u00bb4.25.1&Prime; _module_preset=\u00a0\u00bbdefault\u00a0\u00bb global_colors_info=\u00a0\u00bb{}\u00a0\u00bb toggle_font_size=\u00a0\u00bb25px\u00a0\u00bb open=\u00a0\u00bboff\u00a0\u00bb]<\/p>\n<p>Magnatech, comme de nombreux exploitants de sites web, peut utiliser une technologie standard appel\u00e9e \u201ccookies\u201d sur ses sites. Les cookies sont de petits fichiers de donn\u00e9es qui sont t\u00e9l\u00e9charg\u00e9s sur votre ordinateur lorsque vous visitez un site web particulier. Vous pouvez d\u00e9sactiver les cookies en les d\u00e9sactivant dans votre navigateur; cependant, certaines parties des sites peuvent ne pas fonctionner correctement si vous le faites.  <\/p>\n<p>[\/et_pb_accordion_item][et_pb_accordion_item title=\u00a0\u00bbLIENS VERS D&#039;AUTRES SITES\u00a0\u00bb _builder_version=\u00a0\u00bb4.25.1&Prime; _module_preset=\u00a0\u00bbdefault\u00a0\u00bb global_colors_info=\u00a0\u00bb{}\u00a0\u00bb toggle_font_size=\u00a0\u00bb25px\u00a0\u00bb open=\u00a0\u00bboff\u00a0\u00bb]<\/p>\n<p>Il peut y avoir des liens depuis notre site web vers d\u2019autres sites web ; veuillez noter que cette politique de confidentialit\u00e9 s\u2019applique uniquement \u00e0 nos sites et non aux sites web d\u2019autres entreprises ou organisations auxquels nos sites peuvent \u00eatre li\u00e9s. Vous devez v\u00e9rifier les politiques de confidentialit\u00e9 des sites li\u00e9s et\/ou effectuer les demandes n\u00e9cessaires concernant cette politique de confidentialit\u00e9 aupr\u00e8s de l\u2019exploitant du site li\u00e9. Ces liens vers des sites web tiers sont fournis \u00e0 titre de commodit\u00e9 et \u00e0 des fins d\u2019information uniquement. Magnatech n\u2019approuve pas et n\u2019est pas responsable de ces sites web li\u00e9s.   <\/p>\n<p>[\/et_pb_accordion_item][et_pb_accordion_item title=\u00a0\u00bbPROTECTION DES INFORMATIONS\u00a0\u00bb _builder_version=\u00a0\u00bb4.25.1&Prime; _module_preset=\u00a0\u00bbdefault\u00a0\u00bb global_colors_info=\u00a0\u00bb{}\u00a0\u00bb toggle_font_size=\u00a0\u00bb25px\u00a0\u00bb open=\u00a0\u00bboff\u00a0\u00bb]<\/p>\n<div class=\"\">\n<div class=\"rct-block p-30\">\n<div class=\"collapse show\">\n<div class=\"rct-block-content\">\n<p>Magnatech stockera et traitera les informations personnelles de mani\u00e8re conforme aux normes de s\u00e9curit\u00e9 de l\u2019industrie. Magnatech a mis en place des syst\u00e8mes, des politiques et des proc\u00e9dures techniques, organisationnelles et administratives pour aider \u00e0 garantir la s\u00e9curit\u00e9, l\u2019int\u00e9grit\u00e9 et la confidentialit\u00e9 des informations personnelles et att\u00e9nuer le risque d\u2019acc\u00e8s non autoris\u00e9 ou d\u2019utilisation des informations personnelles, notamment: <\/p>\n<ul>\n<li>(i) des mesures de s\u00e9curit\u00e9 administratives, techniques et physiques appropri\u00e9es et autres mesures de s\u00e9curit\u00e9 destin\u00e9es \u00e0 garantir la s\u00e9curit\u00e9 et la confidentialit\u00e9 des informations personnelles qu\u2019elle g\u00e8re.<\/li>\n<li>(ii) une conception de s\u00e9curit\u00e9 visant \u00e0 pr\u00e9venir toute compromission de ses propres syst\u00e8mes d\u2019information, r\u00e9seaux informatiques ou fichiers de donn\u00e9es par des utilisateurs non autoris\u00e9s, des virus ou des programmes informatiques malveillants.<\/li>\n<li>(iii) des pratiques internes appropri\u00e9es, y compris, mais sans s\u2019y limiter, le cryptage des donn\u00e9es en transit ou au repos; l\u2019utilisation d\u2019un pare-feu et d\u2019un logiciel antivirus appropri\u00e9s; le maintien de ces contre-mesures, syst\u00e8mes d\u2019exploitation et autres applications avec des d\u00e9finitions de virus et correctifs de s\u00e9curit\u00e9 \u00e0 jour raisonnablement appropri\u00e9s afin d\u2019\u00e9viter tout impact n\u00e9gatif sur les informations personnelles qu\u2019elle g\u00e8re; l\u2019enregistrement et les alertes appropri\u00e9es pour surveiller les contr\u00f4les d\u2019acc\u00e8s et garantir l\u2019int\u00e9grit\u00e9 et la confidentialit\u00e9 des donn\u00e9es; n\u2019autoriser l\u2019acc\u00e8s aux syst\u00e8mes et aux applications qu\u2019aux utilisateurs autoris\u00e9s.<\/li>\n<li>(iv) toutes les personnes ayant un acc\u00e8s autoris\u00e9 aux informations personnelles doivent avoir un r\u00e9el besoin commercial de conna\u00eetre avant d\u2019acc\u00e9der (\u2018Programme de s\u00e9curit\u00e9\u2019).<\/li>\n<\/ul>\n<\/div>\n<\/div>\n<\/div>\n<\/div>\n<div class=\"\">\n<div class=\"rct-block p-30\"> <\/div>\n<\/div>\n<p>[\/et_pb_accordion_item][et_pb_accordion_item title=\u00a0\u00bbFORMATION ET SUPERVISION\u00a0\u00bb _builder_version=\u00a0\u00bb4.25.1&Prime; _module_preset=\u00a0\u00bbdefault\u00a0\u00bb global_colors_info=\u00a0\u00bb{}\u00a0\u00bb toggle_font_size=\u00a0\u00bb25px\u00a0\u00bb open=\u00a0\u00bboff\u00a0\u00bb]<\/p>\n<p>Magnatech met en place des programmes de formation ad\u00e9quats pour veiller \u00e0 ce que ses employ\u00e9s et toute personne agissant en son nom soient conscients et se conforment \u00e0 son programme de s\u00e9curit\u00e9. Magnatech exercera une supervision n\u00e9cessaire et appropri\u00e9e sur ses employ\u00e9s concern\u00e9s afin de maintenir la confidentialit\u00e9 et la s\u00e9curit\u00e9 appropri\u00e9es des informations personnelles qu\u2019elle g\u00e8re. <\/p>\n<p>[\/et_pb_accordion_item][et_pb_accordion_item title=\u00a0\u00bbDROITS L\u00c9GAUX DES UTILISATEURS CONCERNANT LES INFORMATION PERSONNELLES\u00a0\u00bb _builder_version=\u00a0\u00bb4.25.1&Prime; _module_preset=\u00a0\u00bbdefault\u00a0\u00bb global_colors_info=\u00a0\u00bb{}\u00a0\u00bb toggle_font_size=\u00a0\u00bb25px\u00a0\u00bb open=\u00a0\u00bboff\u00a0\u00bb]<\/p>\n<p>Dans la mesure o\u00f9 le traitement des informations personnelles par Magnatech est soumis au R\u00e8glement g\u00e9n\u00e9ral sur la protection des donn\u00e9es (R\u00e8glement (UE) 2016\/679) ou \u00e0 la Loi sur la protection des donn\u00e9es de 2018 et au GDPR telle que sauvegard\u00e9e dans la l\u00e9gislation du Royaume-Uni en vertu de l\u2019article 3 de la Loi sur le retrait de l\u2019Union europ\u00e9enne (2018), Magnatech s\u2019appuie sur ses int\u00e9r\u00eats l\u00e9gitimes, tels que d\u00e9crits ci-dessus, qui ne sont pas outrepass\u00e9s par vos int\u00e9r\u00eats en mati\u00e8re de protection des donn\u00e9es, pour traiter les informations personnelles. Sous r\u00e9serve des lois applicables, les utilisateurs ont \u00e9galement le droit: <\/p>\n<ul>\n<li>(i) d\u2019acc\u00e9der et de rectifier ou d\u2019effacer les informations personnelles, dans la mesure o\u00f9 Magnatech peut avoir besoin de conserver certaines informations personnelles, notamment \u00e0 des fins de tenue des dossiers ou pour se conformer \u00e0 des obligations l\u00e9gales.<\/li>\n<li>(ii) de limiter ou de s\u2019opposer \u00e0 l\u2019utilisation par Magnatech des informations personnelles (m\u00eame si, dans certains cas, cela peut signifier de ne plus utiliser le portail Web) lorsque Magnatech se fonde sur un int\u00e9r\u00eat l\u00e9gitime (ou celui d\u2019un tiers) et que quelque chose dans la situation particuli\u00e8re de l\u2019utilisateur affecte ses droits fondamentaux et ses libert\u00e9s.<\/li>\n<li>(iii) de d\u00e9poser une plainte aupr\u00e8s de l\u2019autorit\u00e9 locale de protection des donn\u00e9es.<\/li>\n<li>(iv) de la portabilit\u00e9 des donn\u00e9es. Les utilisateurs n\u2019auront pas \u00e0 payer de frais pour exercer ces droits, cependant Magnatech peut facturer des frais raisonnables ou refuser de se conformer si la demande est infond\u00e9e, r\u00e9p\u00e9titive ou excessive. Users will not have to pay a fee to exercise such rights, however, Magnatech may charge a reasonable fee or refuse to comply if the request is unfounded, repetitive or excessive. <\/li>\n<\/ul>\n<p>[\/et_pb_accordion_item][et_pb_accordion_item title=\u00a0\u00bbMODIFICATIONS ET INTERRUPTIONS\u00a0\u00bb _builder_version=\u00a0\u00bb4.25.1&Prime; _module_preset=\u00a0\u00bbdefault\u00a0\u00bb global_colors_info=\u00a0\u00bb{}\u00a0\u00bb toggle_font_size=\u00a0\u00bb25px\u00a0\u00bb open=\u00a0\u00bboff\u00a0\u00bb]<\/p>\n<p>Nous nous r\u00e9servons le droit de modifier, de modifier ou de supprimer le contenu du site web \u00e0 tout moment ou pour quelque raison que ce soit, \u00e0 notre seule discr\u00e9tion et sans pr\u00e9avis. Cependant, nous ne sommes pas tenus de mettre \u00e0 jour les informations sur notre site web. Nous nous r\u00e9servons \u00e9galement le droit de modifier ou de suspendre tout ou partie du site web sans pr\u00e9avis \u00e0 tout moment. Nous ne serons pas responsables envers vous ou tout tiers pour toute modification, changement de prix, suspension ou interruption du site web.   <\/p>\n<p>Nous ne pouvons garantir que le site web sera disponible en permanence. Nous pouvons rencontrer des probl\u00e8mes mat\u00e9riels, logiciels ou autres, ou avoir besoin d\u2019effectuer des travaux de maintenance li\u00e9s au site web, ce qui peut entra\u00eener des interruptions, des retards ou des erreurs. Nous nous r\u00e9servons le droit de modifier, de r\u00e9viser, de mettre \u00e0 jour, de suspendre, de supprimer ou de modifier autrement le site web \u00e0 tout moment ou pour quelque raison que ce soit, sans pr\u00e9avis. Vous convenez que nous ne sommes en aucun cas responsables de toute perte, dommage ou d\u00e9sagr\u00e9ment caus\u00e9 par votre incapacit\u00e9 \u00e0 acc\u00e9der ou \u00e0 utiliser le site web pendant toute p\u00e9riode d\u2019indisponibilit\u00e9 ou d\u2019interruption du site web. Rien dans ces conditions d\u2019utilisation ne sera interpr\u00e9t\u00e9 comme une obligation de notre part de maintenir et de prendre en charge le site web ou de fournir des corrections, des mises \u00e0 jour ou des versions associ\u00e9es.    <\/p>\n<p>[\/et_pb_accordion_item][et_pb_accordion_item title=\u00a0\u00bbLIMITATIONS DE RESPONSABILIT\u00c9S\u00a0\u00bb _builder_version=\u00a0\u00bb4.25.1&Prime; _module_preset=\u00a0\u00bbdefault\u00a0\u00bb global_colors_info=\u00a0\u00bb{}\u00a0\u00bb toggle_font_size=\u00a0\u00bb25px\u00a0\u00bb open=\u00a0\u00bboff\u00a0\u00bb]<\/p>\n<p>En aucun cas, nous ou nos directeurs, employ\u00e9s ou agents ne serons responsables envers vous ou tout tiers de tout dommage direct, indirect, cons\u00e9cutif, exemplaire, incident, sp\u00e9cial ou punitif, y compris la perte de profit, la perte de revenus, la perte de donn\u00e9es ou tout autre dommage d\u00e9coulant de votre utilisation du Website, m\u00eame si nous avons \u00e9t\u00e9 inform\u00e9s de la possibilit\u00e9 de tels dommages.<\/p>\n<p>[\/et_pb_accordion_item][et_pb_accordion_item title=\u00a0\u00bbINDEMNISATION\u00a0\u00bb _builder_version=\u00a0\u00bb4.25.1&Prime; _module_preset=\u00a0\u00bbdefault\u00a0\u00bb global_colors_info=\u00a0\u00bb{}\u00a0\u00bb toggle_font_size=\u00a0\u00bb25px\u00a0\u00bb open=\u00a0\u00bboff\u00a0\u00bb]<\/p>\n<p>Vous acceptez de nous d\u00e9fendre, de nous indemniser et de nous prot\u00e9ger, y compris nos filiales, nos affili\u00e9s, ainsi que tous nos officiers, agents, partenaires et employ\u00e9s respectifs, contre toute perte, dommage, responsabilit\u00e9, r\u00e9clamation ou demande, y compris les honoraires d\u2019avocats raisonnables et les frais, formul\u00e9s par un tiers, en raison de ou d\u00e9coulant de:<\/p>\n<ul>\n<li>(i) vos Contributions.<\/li>\n<li>(ii) l\u2019utilisation du Site.<\/li>\n<li>(iii) la violation de ces Conditions d\u2019utilisation.<\/li>\n<li>(iv) toute violation de vos d\u00e9clarations et garanties \u00e9nonc\u00e9es dans ces Conditions d\u2019utilisation.<\/li>\n<li>(v) votre violation des droits d\u2019un tiers, y compris, mais sans s\u2019y limiter, les droits de propri\u00e9t\u00e9 intellectuelle, ou<\/li>\n<li>(vi) tout acte manifeste pr\u00e9judiciable envers tout autre utilisateur du Site avec lequel vous vous \u00eates connect\u00e9 via le Site.<\/li>\n<\/ul>\n<p>Nonobstant ce qui pr\u00e9c\u00e8de, nous nous r\u00e9servons le droit, \u00e0 vos frais, de prendre en charge la d\u00e9fense exclusive de toute affaire pour laquelle vous \u00eates tenu de nous indemniser, et vous acceptez de coop\u00e9rer, \u00e0 vos frais, \u00e0 notre d\u00e9fense de ces r\u00e9clamations. Nous mettrons tout en \u0153uvre pour vous informer de toute r\u00e9clamation, action ou proc\u00e9dure faisant l\u2019objet de cette indemnisation d\u00e8s que nous en aurons connaissance. <\/p>\n<p>[\/et_pb_accordion_item][et_pb_accordion_item title=\u00a0\u00bbCOMMENT NOUS CONTACTER\u00a0\u00bb _builder_version=\u00a0\u00bb4.25.1&Prime; _module_preset=\u00a0\u00bbdefault\u00a0\u00bb global_colors_info=\u00a0\u00bb{}\u00a0\u00bb toggle_font_size=\u00a0\u00bb25px\u00a0\u00bb open=\u00a0\u00bboff\u00a0\u00bb]<\/p>\n<p>Toutes questions ou r\u00e9clamations concernant cette politique ou le traitement des informations personnelles par Magnatech peuvent \u00eatre adress\u00e9es au service client de Magnatech \u00e0 :<\/p>\n<p>&nbsp;<\/p>\n<p>Magnatech Travel Management Solutions<\/p>\n<p>Attention: Privacy Officer<\/p>\n<p>505 \u2013 1255 Phillips Square<\/p>\n<p>Montr\u00e9al (Qu\u00e9bec) H3B 3G1<br \/>email: <a href=\"mailto:privacy@magnatech.com\">privacy@magnatech.com<\/a><\/p>\n<p>&nbsp;<\/p>\n<p>Notre Responsable de la Protection des Donn\u00e9es s\u2019efforcera de r\u00e9pondre \u00e0 votre demande dans les d\u00e9lais l\u00e9galement applicables, et en tout cas au plus tard 30 jours apr\u00e8s r\u00e9ception de ladite demande. Nous vous informerons par \u00e9crit de notre r\u00e9ponse \u00e0 votre demande. Si nous refusons d\u2019acc\u00e9der \u00e0 votre demande, nous vous indiquerons la raison juridique de notre refus et nous vous informerons des recours disponibles ainsi que du d\u00e9lai imparti pour les exercer.  <\/p>\n<p>[\/et_pb_accordion_item][et_pb_accordion_item title=\u00a0\u00bbCHANGEMENT DE POLITIQUE DE CONFIDENTIALIT\u00c9\u00a0\u00bb _builder_version=\u00a0\u00bb4.25.1&Prime; _module_preset=\u00a0\u00bbdefault\u00a0\u00bb global_colors_info=\u00a0\u00bb{}\u00a0\u00bb toggle_font_size=\u00a0\u00bb25px\u00a0\u00bb open=\u00a0\u00bboff\u00a0\u00bb]<\/p>\n<p>Magnatech examinera et mettra \u00e0 jour ses politiques et proc\u00e9dures selon les besoins afin de rester en conformit\u00e9 avec les r\u00e8gles et r\u00e9glementations, les nouvelles technologies, les normes et les pr\u00e9occupations des utilisateurs. Cette politique peut donc \u00eatre modifi\u00e9e de temps en temps. <\/p>\n<p>[\/et_pb_accordion_item][\/et_pb_accordion][\/et_pb_column][\/et_pb_row][et_pb_row _builder_version=\u00a0\u00bb4.25.1&Prime; _module_preset=\u00a0\u00bbdefault\u00a0\u00bb global_colors_info=\u00a0\u00bb{}\u00a0\u00bb][et_pb_column type=\u00a0\u00bb4_4&Prime; _builder_version=\u00a0\u00bb4.25.1&Prime; _module_preset=\u00a0\u00bbdefault\u00a0\u00bb global_colors_info=\u00a0\u00bb{}\u00a0\u00bb][\/et_pb_column][\/et_pb_row][\/et_pb_section]<\/p>\n","protected":false},"excerpt":{"rendered":"<p>POLITIQUE DE CONFIDENTIALIT\u00c9Cette politique de confidentialit\u00e9 constitue un accord l\u00e9galement contraignant conclu entre vous, que vous agissiez en votre nom personnel ou au nom d\u2019une entit\u00e9 quelconque (\u201cvous\u201d), et Magnatech\u00ae Travel Management Solutions Inc. (\u2018Magnatech\u00ae\u2019, \u2018nous\u2019, \u2018notre\u2019 ou \u2018nos\u2019), concernant votre acc\u00e8s et votre utilisation de notre site web accessible \u00e0 l\u2019adresse https:\/\/www.magnatech.com (le \u2018site [&hellip;]<\/p>\n","protected":false},"author":7,"featured_media":0,"parent":0,"menu_order":0,"comment_status":"closed","ping_status":"closed","template":"","meta":{"_et_pb_use_builder":"on","_et_pb_old_content":"","_et_gb_content_width":"","footnotes":""},"class_list":["post-1875","page","type-page","status-publish","hentry"],"_links":{"self":[{"href":"https:\/\/www.magnatech.com\/fr\/wp-json\/wp\/v2\/pages\/1875","targetHints":{"allow":["GET"]}}],"collection":[{"href":"https:\/\/www.magnatech.com\/fr\/wp-json\/wp\/v2\/pages"}],"about":[{"href":"https:\/\/www.magnatech.com\/fr\/wp-json\/wp\/v2\/types\/page"}],"author":[{"embeddable":true,"href":"https:\/\/www.magnatech.com\/fr\/wp-json\/wp\/v2\/users\/7"}],"replies":[{"embeddable":true,"href":"https:\/\/www.magnatech.com\/fr\/wp-json\/wp\/v2\/comments?post=1875"}],"version-history":[{"count":2,"href":"https:\/\/www.magnatech.com\/fr\/wp-json\/wp\/v2\/pages\/1875\/revisions"}],"predecessor-version":[{"id":1877,"href":"https:\/\/www.magnatech.com\/fr\/wp-json\/wp\/v2\/pages\/1875\/revisions\/1877"}],"wp:attachment":[{"href":"https:\/\/www.magnatech.com\/fr\/wp-json\/wp\/v2\/media?parent=1875"}],"curies":[{"name":"wp","href":"https:\/\/api.w.org\/{rel}","templated":true}]}}